{"id":9002,"date":"2023-08-28T13:42:06","date_gmt":"2023-08-28T11:42:06","guid":{"rendered":"https:\/\/domaine-de-gaujac.com\/tourisme-gard\/nimes\/"},"modified":"2024-10-18T15:34:02","modified_gmt":"2024-10-18T13:34:02","slug":"nimes","status":"publish","type":"page","link":"https:\/\/domaine-de-gaujac.com\/nl\/toerisme-gard\/nimes\/","title":{"rendered":"N\u00eemes"},"content":{"rendered":"\n<div class=\"wp-block-group is-layout-constrained wp-container-core-group-is-layout-643bee0f wp-block-group-is-layout-constrained\" style=\"padding-top:5.2rem;padding-bottom:var(--wp--preset--spacing--80)\">\n<h1 class=\"wp-block-heading alignwide has-text-align-center has-link-color-color has-text-color has-x-large-font-size\" style=\"margin-top:0;margin-right:0;margin-bottom:var(--wp--preset--spacing--80);margin-left:0;text-transform:capitalize\">N\u00eemes<\/h1>\n\n\n\n<div class=\"wp-block-columns is-layout-flex wp-container-core-columns-is-layout-08c01c1c wp-block-columns-is-layout-flex\">\n<div class=\"wp-block-column is-layout-flow wp-container-core-column-is-layout-119bc444 wp-block-column-is-layout-flow\">\n<figure class=\"wp-block-image size-full has-custom-border alignfull animated fadeIn slow\"><a href=\"https:\/\/domaine-de-gaujac.com\/wp-content\/uploads\/2023\/09\/visiter-la-ville-de-nimes.jpg\"><img decoding=\"async\" width=\"808\" height=\"600\" sizes=\"(max-width: min(calc(100% - 15vw), 808px)) 100vw, min(calc(100% - 15vw), 808px)\" src=\"https:\/\/domaine-de-gaujac.com\/wp-content\/uploads\/2023\/09\/visiter-la-ville-de-nimes.jpg\" alt=\"Bezoek de stad N\u00eemes\" class=\"wp-image-7250\" style=\"border-top-left-radius:2rem\" srcset=\"https:\/\/domaine-de-gaujac.com\/wp-content\/uploads\/2023\/09\/visiter-la-ville-de-nimes.jpg 808w, https:\/\/domaine-de-gaujac.com\/wp-content\/uploads\/2023\/09\/visiter-la-ville-de-nimes-300x223.jpg 300w, https:\/\/domaine-de-gaujac.com\/wp-content\/uploads\/2023\/09\/visiter-la-ville-de-nimes-768x570.jpg 768w\" \/><\/a><\/figure>\n\n\n\n<figure class=\"wp-block-image size-full alignfull animated fadeIn delay-200ms slow\"><a href=\"https:\/\/domaine-de-gaujac.com\/wp-content\/uploads\/2023\/09\/camping-paradis-domaine-de-gaujac-proche-de-nimes.jpg\"><img decoding=\"async\" width=\"800\" height=\"600\" sizes=\"(max-width: min(calc(100% - 15vw), 800px)) 100vw, min(calc(100% - 15vw), 800px)\" src=\"https:\/\/domaine-de-gaujac.com\/wp-content\/uploads\/2023\/09\/camping-paradis-domaine-de-gaujac-proche-de-nimes.jpg\" alt=\"Camping Paradis Domaine de Gaujac in de buurt van N\u00eemes\" class=\"wp-image-7254\" srcset=\"https:\/\/domaine-de-gaujac.com\/wp-content\/uploads\/2023\/09\/camping-paradis-domaine-de-gaujac-proche-de-nimes.jpg 800w, https:\/\/domaine-de-gaujac.com\/wp-content\/uploads\/2023\/09\/camping-paradis-domaine-de-gaujac-proche-de-nimes-300x225.jpg 300w, https:\/\/domaine-de-gaujac.com\/wp-content\/uploads\/2023\/09\/camping-paradis-domaine-de-gaujac-proche-de-nimes-768x576.jpg 768w\" \/><\/a><\/figure>\n<\/div>\n\n\n\n<div class=\"wp-block-column is-layout-flow wp-container-core-column-is-layout-119bc444 wp-block-column-is-layout-flow\">\n<figure class=\"wp-block-image size-large alignfull refill animated fadeIn delay-100ms slow\"><a href=\"https:\/\/domaine-de-gaujac.com\/wp-content\/uploads\/2023\/09\/arenes-de-nimes-683x1024.jpg\"><img decoding=\"async\" width=\"683\" height=\"1024\" sizes=\"(max-width: min(calc(100% - 15vw), 683px)) 100vw, min(calc(100% - 15vw), 683px)\" src=\"https:\/\/domaine-de-gaujac.com\/wp-content\/uploads\/2023\/09\/arenes-de-nimes-683x1024.jpg\" alt=\"Arena's van N\u00eemes\" class=\"wp-image-7245\" srcset=\"https:\/\/domaine-de-gaujac.com\/wp-content\/uploads\/2023\/09\/arenes-de-nimes-683x1024.jpg 683w, https:\/\/domaine-de-gaujac.com\/wp-content\/uploads\/2023\/09\/arenes-de-nimes-200x300.jpg 200w, https:\/\/domaine-de-gaujac.com\/wp-content\/uploads\/2023\/09\/arenes-de-nimes-768x1152.jpg 768w, https:\/\/domaine-de-gaujac.com\/wp-content\/uploads\/2023\/09\/arenes-de-nimes.jpg 800w\" \/><\/a><\/figure>\n<\/div>\n\n\n\n<div class=\"wp-block-column is-vertically-aligned-top is-layout-flow wp-block-column-is-layout-flow\">\n<div class=\"wp-block-group is-layout-flow wp-block-group-is-layout-flow\" style=\"padding-right:var(--wp--preset--spacing--40);padding-bottom:0;padding-left:var(--wp--preset--spacing--40)\">\n<h2 class=\"wp-block-heading\">Accommodatie in de buurt van N\u00eemes<\/h2>\n\n\n\n<p>Het Domaine de Gaujac,  <a href=\"https:\/\/domaine-de-gaujac.com\/nl\/\">Camping Gard<\/a>, biedt u een verblijf in voordelige en comfortabele verhuur op 45 minuten van N\u00eemes en  <strong>Architectonische schatten<\/strong>  : kleine stacaravans en bungalows zonder badkamer voor een eenvoudige vakantie zo dicht mogelijk bij de natuur in uw  <strong>camping N\u00eemes<\/strong>, maar ook houten chalets met exotische charme en  <strong>Comfortabele stacaravans voor gezinnen<\/strong>. Voor uw vakantie met familie of vrienden zorgt een grote accommodatie met 3 slaapkamers ervoor dat u <strong>in de beste omstandigheden verblijft<\/strong>. Elke accommodatie op het Domaine de Gaujac in de buurt van N\u00eemes heeft een prachtig terras en tuinmeubelen.<\/p>\n<\/div>\n<\/div>\n<\/div>\n<\/div>\n\n\n\n<div class=\"wp-block-group overflow-hidden is-layout-flow wp-block-group-is-layout-flow\" style=\"margin-top:0;margin-bottom:0;padding-top:0;padding-bottom:0\">\n<div class=\"wp-block-group overflow-hidden has-color-4-background-color has-background is-layout-flow wp-block-group-is-layout-flow\" style=\"padding-top:0;padding-bottom:0\">\n<figure class=\"wp-block-image size-full is-resized rellax m-n-l-38 opacity-15 is-style-gt-bg-image-top-left\"><img decoding=\"async\" width=\"1024\" height=\"1024\" sizes=\"(max-width: min(calc(100% - 15vw), 256px)) 100vw, min(calc(100% - 15vw), 256px)\" src=\"https:\/\/domaine-de-gaujac.com\/wp-content\/uploads\/2023\/06\/Camping-Paradis-Chanterelles04-3.webp\" alt=\"Feestlogo\" class=\"wp-image-4452\" style=\"width:256px;height:256px\" srcset=\"https:\/\/domaine-de-gaujac.com\/wp-content\/uploads\/2023\/06\/Camping-Paradis-Chanterelles04-3.webp 1024w, https:\/\/domaine-de-gaujac.com\/wp-content\/uploads\/2023\/06\/Camping-Paradis-Chanterelles04-3-300x300.webp 300w, https:\/\/domaine-de-gaujac.com\/wp-content\/uploads\/2023\/06\/Camping-Paradis-Chanterelles04-3-150x150.webp 150w, https:\/\/domaine-de-gaujac.com\/wp-content\/uploads\/2023\/06\/Camping-Paradis-Chanterelles04-3-768x768.webp 768w\" \/><\/figure>\n\n\n\n<div class=\"wp-block-columns is-layout-flex wp-container-core-columns-is-layout-28f84493 wp-block-columns-is-layout-flex\">\n<div class=\"wp-block-column is-vertically-aligned-center is-layout-flow wp-block-column-is-layout-flow\" style=\"padding-top:var(--wp--preset--spacing--80);padding-right:var(--wp--preset--spacing--80);padding-bottom:var(--wp--preset--spacing--80);padding-left:var(--wp--preset--spacing--80);flex-basis:50%\">\n<h2 class=\"wp-block-heading\">Toerisme en bezienswaardigheden in N\u00eemes<\/h2>\n\n\n\n<hr class=\"wp-block-separator has-text-color has-link-color-color has-alpha-channel-opacity has-link-color-background-color has-background\" \/>\n\n\n\n<p><a href=\"https:\/\/nimes-tourisme.com\/\">N\u00eemes<\/a>, ook bekend als het &#8220;Franse Rome&#8221;, is rijk aan een <strong>belangrijk Gallo-Romeins erfgoed<\/strong>, buitengewoon goed bewaard gebleven. Tijdens een self-guided of guided tour door de stad vanuit onze <strong>camping N\u00eemes<\/strong>, zult u in staat zijn om de grote arena&#8217;s te ontdekken die reconstructies van grote Romeinse spelen hosten, de Romeinse omheining waarvan de Magne Tower deel uitmaakt, maar ook het castellum, de tempel van Diana, evenals het zeer beroemde Maison Carr\u00e9e. Een architectonisch juweel, de <a href=\"https:\/\/domaine-de-gaujac.com\/nl\/toerisme-gard\/pont-du-gard\/\">Pont du Gard<\/a> is natuurlijk een must-see site in de omgeving van N\u00eemes. De feestelijke geest van N\u00eemes, met zijn gemengde invloeden, kan eindelijk worden geproefd door <strong>middel van verschillende jaarlijkse evenementen<\/strong> : de grote feria, manades, flamencofestivals en avondmarkten verlevendigen de stad op hun beurt.<\/p>\n<\/div>\n\n\n\n<div class=\"wp-block-column is-vertically-aligned-center is-layout-flow wp-block-column-is-layout-flow\" style=\"border-style:none;border-width:0px;padding-top:0;padding-right:0;padding-bottom:0;padding-left:0;line-height:1.5;flex-basis:50%\">\n<div class=\"wp-block-group overflow-auto is-layout-flow wp-block-group-is-layout-flow\" style=\"padding-left:var(--wp--preset--spacing--80)\">\n<figure class=\"wp-block-image alignright size-full is-resized alignfull blobed\"><img decoding=\"async\" width=\"808\" height=\"600\" sizes=\"(max-width: min(calc(100% - 15vw), 800px)) 100vw, min(calc(100% - 15vw), 800px)\" src=\"https:\/\/domaine-de-gaujac.com\/wp-content\/uploads\/2023\/09\/lieux-dinterets-nimes.jpg\" alt=\"Bezienswaardigheden in N\u00eemes\" class=\"wp-image-7247\" style=\"width:800px;height:600px\" srcset=\"https:\/\/domaine-de-gaujac.com\/wp-content\/uploads\/2023\/09\/lieux-dinterets-nimes.jpg 808w, https:\/\/domaine-de-gaujac.com\/wp-content\/uploads\/2023\/09\/lieux-dinterets-nimes-300x223.jpg 300w, https:\/\/domaine-de-gaujac.com\/wp-content\/uploads\/2023\/09\/lieux-dinterets-nimes-768x570.jpg 768w\" \/><\/figure>\n<\/div>\n<\/div>\n<\/div>\n<\/div>\n<\/div>\n\n\n\n<div class=\"wp-block-group overflow-visible has-background is-layout-constrained wp-container-core-group-is-layout-612028c2 wp-block-group-is-layout-constrained\" style=\"border-top-color:var(--wp--preset--color--white);border-top-width:12rem;border-right-color:var(--wp--preset--color--white);border-bottom-color:var(--wp--preset--color--white);border-left-color:var(--wp--preset--color--white);background:linear-gradient(174deg,rgb(255,255,255) 29%,rgb(173,219,243) 29%);margin-top:0rem;margin-bottom:0;padding-top:var(--wp--preset--spacing--80);padding-bottom:8rem\">\n<figure class=\"wp-block-image size-full is-resized rellax is-style-gt-bg-image-bottom-left\"><img decoding=\"async\" width=\"273\" height=\"218\" sizes=\"(max-width: min(calc(100% - 15vw), 205px)) 100vw, min(calc(100% - 15vw), 205px)\" src=\"https:\/\/domaine-de-gaujac.com\/wp-content\/uploads\/2023\/05\/actualites-camping-paradis.png\" alt=\"Camping Paradis nieuws\" class=\"wp-image-841\" style=\"width:205px;height:164px\" \/><\/figure>\n\n\n\n<h2 class=\"wp-block-heading has-text-align-center z-index-3 position-relative m-n-t-20 animated fadeInUp has-large-font-size\">Ontdek de omgeving:<\/h2>\n\n\n\n<div class=\"wp-block-group is-content-justification-center is-layout-constrained wp-container-core-group-is-layout-1557714b wp-block-group-is-layout-constrained\">\n<hr class=\"wp-block-separator has-text-color has-link-color-color has-alpha-channel-opacity has-link-color-background-color has-background animated fadeInUp delay-200ms\" \/>\n<\/div>\n\n\n\r\n<div \r\n     \r\n    class=\"gt-maillage-block animated fadeInUp delay-100ms slow\" \r\n    style=\"border-top-left-radius:0px;border-top-right-radius:0px;border-bottom-left-radius:0px;border-bottom-right-radius:0px;border-style:none;border-width:0px;\"\r\n>\r\n\r\n    \r\n        \r\n        <article \r\n    class=\"gt-cta gt-cta--page\" \r\n    style=\"aspect-ratio:1\/1\"\r\n>\r\n    <a href=\"https:\/\/domaine-de-gaujac.com\/nl\/toerisme-gard\/toerisme-anduze\/\" title=\"Anduze\" class=\"gt-cta__link\">\r\n        <div class=\"gt-cta__thumb\">\r\n                                            <img alt=\"visiter anduze en campin\" decoding=\"async\" width=\"550\" height=\"550\" src=\"https:\/\/domaine-de-gaujac.com\/wp-content\/uploads\/2023\/08\/visiter-anduze-en-campin.jpg\" class=\"attachment-full size-full\" alt=\"\" srcset=\"https:\/\/domaine-de-gaujac.com\/wp-content\/uploads\/2023\/08\/visiter-anduze-en-campin.jpg 550w, https:\/\/domaine-de-gaujac.com\/wp-content\/uploads\/2023\/08\/visiter-anduze-en-campin-300x300.jpg 300w, https:\/\/domaine-de-gaujac.com\/wp-content\/uploads\/2023\/08\/visiter-anduze-en-campin-150x150.jpg 150w\" sizes=\"(max-width: 550px) 100vw, 550px\" \/>                    <\/div>\r\n        <div class=\"gt-cta__content\">\r\n            <div class=\"gt-cta__title\">\r\n                Anduze            <\/div>\r\n        <\/div>\r\n    <\/a>\r\n<\/article>\r\n    \r\n        <article \r\n    class=\"gt-cta gt-cta--page\" \r\n    style=\"aspect-ratio:1\/1\"\r\n>\r\n    <a href=\"https:\/\/domaine-de-gaujac.com\/nl\/toerisme-gard\/saint-jean-du-gard\/\" title=\"Saint-Jean-du-Gard\" class=\"gt-cta__link\">\r\n        <div class=\"gt-cta__thumb\">\r\n                                            <img alt=\"decouvrir saint jean du gard\" decoding=\"async\" width=\"550\" height=\"550\" src=\"https:\/\/domaine-de-gaujac.com\/wp-content\/uploads\/2023\/09\/decouvrir-saint-jean-du-gard.jpg\" class=\"attachment-full size-full\" alt=\"\" srcset=\"https:\/\/domaine-de-gaujac.com\/wp-content\/uploads\/2023\/09\/decouvrir-saint-jean-du-gard.jpg 550w, https:\/\/domaine-de-gaujac.com\/wp-content\/uploads\/2023\/09\/decouvrir-saint-jean-du-gard-300x300.jpg 300w, https:\/\/domaine-de-gaujac.com\/wp-content\/uploads\/2023\/09\/decouvrir-saint-jean-du-gard-150x150.jpg 150w\" sizes=\"(max-width: 550px) 100vw, 550px\" \/>                    <\/div>\r\n        <div class=\"gt-cta__content\">\r\n            <div class=\"gt-cta__title\">\r\n                Saint Jean du Gard            <\/div>\r\n        <\/div>\r\n    <\/a>\r\n<\/article>\r\n    \r\n        <article \r\n    class=\"gt-cta gt-cta--page\" \r\n    style=\"aspect-ratio:1\/1\"\r\n>\r\n    <a href=\"https:\/\/domaine-de-gaujac.com\/nl\/toerisme-gard\/vallon-pont-darc\/\" title=\"Vallon Pont d&#8217;Arc\" class=\"gt-cta__link\">\r\n        <div class=\"gt-cta__thumb\">\r\n                                            <img alt=\"decouvrir vallon pont darc\" decoding=\"async\" width=\"550\" height=\"550\" src=\"https:\/\/domaine-de-gaujac.com\/wp-content\/uploads\/2023\/09\/decouvrir-vallon-pont-darc.jpg\" class=\"attachment-full size-full\" alt=\"\" srcset=\"https:\/\/domaine-de-gaujac.com\/wp-content\/uploads\/2023\/09\/decouvrir-vallon-pont-darc.jpg 550w, https:\/\/domaine-de-gaujac.com\/wp-content\/uploads\/2023\/09\/decouvrir-vallon-pont-darc-300x300.jpg 300w, https:\/\/domaine-de-gaujac.com\/wp-content\/uploads\/2023\/09\/decouvrir-vallon-pont-darc-150x150.jpg 150w\" sizes=\"(max-width: 550px) 100vw, 550px\" \/>                    <\/div>\r\n        <div class=\"gt-cta__content\">\r\n            <div class=\"gt-cta__title\">\r\n                Vallon Pont d&#8217;Arc            <\/div>\r\n        <\/div>\r\n    <\/a>\r\n<\/article>\r\n            \r\n<\/div><\/div>\n","protected":false},"excerpt":{"rendered":"<p>N\u00eemes Accommodatie in de buurt van N\u00eemes Het Domaine de Gaujac, Camping Gard, biedt u een verblijf in voordelige en comfortabele verhuur op 45 minuten van N\u00eemes en Architectonische schatten : kleine stacaravans en bungalows zonder badkamer voor een eenvoudige vakantie zo dicht mogelijk bij de natuur in uw camping N\u00eemes, maar ook houten chalets [&hellip;]<\/p>\n","protected":false},"author":1,"featured_media":9007,"parent":8752,"menu_order":73,"comment_status":"closed","ping_status":"closed","template":"","meta":{"_acf_changed":false,"footnotes":""},"class_list":["post-9002","page","type-page","status-publish","has-post-thumbnail","hentry"],"acf":[],"yoast_head":"<!-- This site is optimized with the Yoast SEO plugin v27.3 - https:\/\/yoast.com\/product\/yoast-seo-wordpress\/ -->\n<title>Camping Nimes 3 sterren: stacaravan camping en zwembad verhuur Nimes<\/title>\n<meta name=\"description\" content=\"Op zoek naar een camping in N\u00eemes? Verblijf op camping Domaine de Gaujac en haal het meeste uit uw vakantie om N\u00eemes te bezoeken!\" \/>\n<meta name=\"robots\" content=\"index, follow, max-snippet:-1, max-image-preview:large, max-video-preview:-1\" \/>\n<link rel=\"canonical\" href=\"https:\/\/domaine-de-gaujac.com\/nl\/toerisme-gard\/nimes\/\" \/>\n<meta property=\"og:locale\" content=\"nl_NL\" \/>\n<meta property=\"og:type\" content=\"article\" \/>\n<meta property=\"og:title\" content=\"Camping Nimes 3 sterren: stacaravan camping en zwembad verhuur Nimes\" \/>\n<meta property=\"og:description\" content=\"Op zoek naar een camping in N\u00eemes? Verblijf op camping Domaine de Gaujac en haal het meeste uit uw vakantie om N\u00eemes te bezoeken!\" \/>\n<meta property=\"og:url\" content=\"https:\/\/domaine-de-gaujac.com\/nl\/toerisme-gard\/nimes\/\" \/>\n<meta property=\"og:site_name\" content=\"Gaujac\" \/>\n<meta property=\"article:modified_time\" content=\"2024-10-18T13:34:02+00:00\" \/>\n<meta property=\"og:image\" content=\"https:\/\/domaine-de-gaujac.com\/wp-content\/uploads\/2023\/09\/visiter-nimes.jpg\" \/>\n\t<meta property=\"og:image:width\" content=\"1920\" \/>\n\t<meta property=\"og:image:height\" content=\"500\" \/>\n\t<meta property=\"og:image:type\" content=\"image\/jpeg\" \/>\n<meta name=\"twitter:card\" content=\"summary_large_image\" \/>\n<meta name=\"twitter:label1\" content=\"Geschatte leestijd\" \/>\n\t<meta name=\"twitter:data1\" content=\"3 minuten\" \/>\n<script type=\"application\/ld+json\" class=\"yoast-schema-graph\">{\"@context\":\"https:\\\/\\\/schema.org\",\"@graph\":[{\"@type\":\"WebPage\",\"@id\":\"https:\\\/\\\/domaine-de-gaujac.com\\\/nl\\\/toerisme-gard\\\/nimes\\\/\",\"url\":\"https:\\\/\\\/domaine-de-gaujac.com\\\/nl\\\/toerisme-gard\\\/nimes\\\/\",\"name\":\"Camping Nimes 3 sterren: stacaravan camping en zwembad verhuur Nimes\",\"isPartOf\":{\"@id\":\"https:\\\/\\\/domaine-de-gaujac.com\\\/nl\\\/#website\"},\"primaryImageOfPage\":{\"@id\":\"https:\\\/\\\/domaine-de-gaujac.com\\\/nl\\\/toerisme-gard\\\/nimes\\\/#primaryimage\"},\"image\":{\"@id\":\"https:\\\/\\\/domaine-de-gaujac.com\\\/nl\\\/toerisme-gard\\\/nimes\\\/#primaryimage\"},\"thumbnailUrl\":\"https:\\\/\\\/domaine-de-gaujac.com\\\/wp-content\\\/uploads\\\/2023\\\/09\\\/visiter-nimes.jpg\",\"datePublished\":\"2023-08-28T11:42:06+00:00\",\"dateModified\":\"2024-10-18T13:34:02+00:00\",\"description\":\"Op zoek naar een camping in N\u00eemes? Verblijf op camping Domaine de Gaujac en haal het meeste uit uw vakantie om N\u00eemes te bezoeken!\",\"breadcrumb\":{\"@id\":\"https:\\\/\\\/domaine-de-gaujac.com\\\/nl\\\/toerisme-gard\\\/nimes\\\/#breadcrumb\"},\"inLanguage\":\"nl-NL\",\"potentialAction\":[{\"@type\":\"ReadAction\",\"target\":[\"https:\\\/\\\/domaine-de-gaujac.com\\\/nl\\\/toerisme-gard\\\/nimes\\\/\"]}]},{\"@type\":\"ImageObject\",\"inLanguage\":\"nl-NL\",\"@id\":\"https:\\\/\\\/domaine-de-gaujac.com\\\/nl\\\/toerisme-gard\\\/nimes\\\/#primaryimage\",\"url\":\"https:\\\/\\\/domaine-de-gaujac.com\\\/wp-content\\\/uploads\\\/2023\\\/09\\\/visiter-nimes.jpg\",\"contentUrl\":\"https:\\\/\\\/domaine-de-gaujac.com\\\/wp-content\\\/uploads\\\/2023\\\/09\\\/visiter-nimes.jpg\",\"width\":1920,\"height\":500,\"caption\":\"visiter nimes\"},{\"@type\":\"BreadcrumbList\",\"@id\":\"https:\\\/\\\/domaine-de-gaujac.com\\\/nl\\\/toerisme-gard\\\/nimes\\\/#breadcrumb\",\"itemListElement\":[{\"@type\":\"ListItem\",\"position\":1,\"name\":\"Camping Anduze dans le Gard\",\"item\":\"https:\\\/\\\/domaine-de-gaujac.com\\\/nl\\\/\"},{\"@type\":\"ListItem\",\"position\":2,\"name\":\"Toerisme in de Gard\",\"item\":\"https:\\\/\\\/domaine-de-gaujac.com\\\/nl\\\/toerisme-gard\\\/\"},{\"@type\":\"ListItem\",\"position\":3,\"name\":\"N\u00eemes\"}]},{\"@type\":\"WebSite\",\"@id\":\"https:\\\/\\\/domaine-de-gaujac.com\\\/nl\\\/#website\",\"url\":\"https:\\\/\\\/domaine-de-gaujac.com\\\/nl\\\/\",\"name\":\"Gaujac\",\"description\":\"\",\"publisher\":{\"@id\":\"https:\\\/\\\/domaine-de-gaujac.com\\\/nl\\\/#organization\"},\"potentialAction\":[{\"@type\":\"SearchAction\",\"target\":{\"@type\":\"EntryPoint\",\"urlTemplate\":\"https:\\\/\\\/domaine-de-gaujac.com\\\/nl\\\/?s={search_term_string}\"},\"query-input\":{\"@type\":\"PropertyValueSpecification\",\"valueRequired\":true,\"valueName\":\"search_term_string\"}}],\"inLanguage\":\"nl-NL\"},{\"@type\":\"Organization\",\"@id\":\"https:\\\/\\\/domaine-de-gaujac.com\\\/nl\\\/#organization\",\"name\":\"Gaujac\",\"url\":\"https:\\\/\\\/domaine-de-gaujac.com\\\/nl\\\/\",\"logo\":{\"@type\":\"ImageObject\",\"inLanguage\":\"nl-NL\",\"@id\":\"https:\\\/\\\/domaine-de-gaujac.com\\\/nl\\\/#\\\/schema\\\/logo\\\/image\\\/\",\"url\":\"https:\\\/\\\/domaine-de-gaujac.com\\\/wp-content\\\/uploads\\\/2024\\\/05\\\/LOGO-CP-DOMAINE-DE-GAUJAC-1-1.png\",\"contentUrl\":\"https:\\\/\\\/domaine-de-gaujac.com\\\/wp-content\\\/uploads\\\/2024\\\/05\\\/LOGO-CP-DOMAINE-DE-GAUJAC-1-1.png\",\"width\":3334,\"height\":2084,\"caption\":\"Gaujac\"},\"image\":{\"@id\":\"https:\\\/\\\/domaine-de-gaujac.com\\\/nl\\\/#\\\/schema\\\/logo\\\/image\\\/\"}}]}<\/script>\n<!-- \/ Yoast SEO plugin. -->","yoast_head_json":{"title":"Camping Nimes 3 sterren: stacaravan camping en zwembad verhuur Nimes","description":"Op zoek naar een camping in N\u00eemes? Verblijf op camping Domaine de Gaujac en haal het meeste uit uw vakantie om N\u00eemes te bezoeken!","robots":{"index":"index","follow":"follow","max-snippet":"max-snippet:-1","max-image-preview":"max-image-preview:large","max-video-preview":"max-video-preview:-1"},"canonical":"https:\/\/domaine-de-gaujac.com\/nl\/toerisme-gard\/nimes\/","og_locale":"nl_NL","og_type":"article","og_title":"Camping Nimes 3 sterren: stacaravan camping en zwembad verhuur Nimes","og_description":"Op zoek naar een camping in N\u00eemes? Verblijf op camping Domaine de Gaujac en haal het meeste uit uw vakantie om N\u00eemes te bezoeken!","og_url":"https:\/\/domaine-de-gaujac.com\/nl\/toerisme-gard\/nimes\/","og_site_name":"Gaujac","article_modified_time":"2024-10-18T13:34:02+00:00","og_image":[{"width":1920,"height":500,"url":"https:\/\/domaine-de-gaujac.com\/wp-content\/uploads\/2023\/09\/visiter-nimes.jpg","type":"image\/jpeg"}],"twitter_card":"summary_large_image","twitter_misc":{"Geschatte leestijd":"3 minuten"},"schema":{"@context":"https:\/\/schema.org","@graph":[{"@type":"WebPage","@id":"https:\/\/domaine-de-gaujac.com\/nl\/toerisme-gard\/nimes\/","url":"https:\/\/domaine-de-gaujac.com\/nl\/toerisme-gard\/nimes\/","name":"Camping Nimes 3 sterren: stacaravan camping en zwembad verhuur Nimes","isPartOf":{"@id":"https:\/\/domaine-de-gaujac.com\/nl\/#website"},"primaryImageOfPage":{"@id":"https:\/\/domaine-de-gaujac.com\/nl\/toerisme-gard\/nimes\/#primaryimage"},"image":{"@id":"https:\/\/domaine-de-gaujac.com\/nl\/toerisme-gard\/nimes\/#primaryimage"},"thumbnailUrl":"https:\/\/domaine-de-gaujac.com\/wp-content\/uploads\/2023\/09\/visiter-nimes.jpg","datePublished":"2023-08-28T11:42:06+00:00","dateModified":"2024-10-18T13:34:02+00:00","description":"Op zoek naar een camping in N\u00eemes? Verblijf op camping Domaine de Gaujac en haal het meeste uit uw vakantie om N\u00eemes te bezoeken!","breadcrumb":{"@id":"https:\/\/domaine-de-gaujac.com\/nl\/toerisme-gard\/nimes\/#breadcrumb"},"inLanguage":"nl-NL","potentialAction":[{"@type":"ReadAction","target":["https:\/\/domaine-de-gaujac.com\/nl\/toerisme-gard\/nimes\/"]}]},{"@type":"ImageObject","inLanguage":"nl-NL","@id":"https:\/\/domaine-de-gaujac.com\/nl\/toerisme-gard\/nimes\/#primaryimage","url":"https:\/\/domaine-de-gaujac.com\/wp-content\/uploads\/2023\/09\/visiter-nimes.jpg","contentUrl":"https:\/\/domaine-de-gaujac.com\/wp-content\/uploads\/2023\/09\/visiter-nimes.jpg","width":1920,"height":500,"caption":"visiter nimes"},{"@type":"BreadcrumbList","@id":"https:\/\/domaine-de-gaujac.com\/nl\/toerisme-gard\/nimes\/#breadcrumb","itemListElement":[{"@type":"ListItem","position":1,"name":"Camping Anduze dans le Gard","item":"https:\/\/domaine-de-gaujac.com\/nl\/"},{"@type":"ListItem","position":2,"name":"Toerisme in de Gard","item":"https:\/\/domaine-de-gaujac.com\/nl\/toerisme-gard\/"},{"@type":"ListItem","position":3,"name":"N\u00eemes"}]},{"@type":"WebSite","@id":"https:\/\/domaine-de-gaujac.com\/nl\/#website","url":"https:\/\/domaine-de-gaujac.com\/nl\/","name":"Gaujac","description":"","publisher":{"@id":"https:\/\/domaine-de-gaujac.com\/nl\/#organization"},"potentialAction":[{"@type":"SearchAction","target":{"@type":"EntryPoint","urlTemplate":"https:\/\/domaine-de-gaujac.com\/nl\/?s={search_term_string}"},"query-input":{"@type":"PropertyValueSpecification","valueRequired":true,"valueName":"search_term_string"}}],"inLanguage":"nl-NL"},{"@type":"Organization","@id":"https:\/\/domaine-de-gaujac.com\/nl\/#organization","name":"Gaujac","url":"https:\/\/domaine-de-gaujac.com\/nl\/","logo":{"@type":"ImageObject","inLanguage":"nl-NL","@id":"https:\/\/domaine-de-gaujac.com\/nl\/#\/schema\/logo\/image\/","url":"https:\/\/domaine-de-gaujac.com\/wp-content\/uploads\/2024\/05\/LOGO-CP-DOMAINE-DE-GAUJAC-1-1.png","contentUrl":"https:\/\/domaine-de-gaujac.com\/wp-content\/uploads\/2024\/05\/LOGO-CP-DOMAINE-DE-GAUJAC-1-1.png","width":3334,"height":2084,"caption":"Gaujac"},"image":{"@id":"https:\/\/domaine-de-gaujac.com\/nl\/#\/schema\/logo\/image\/"}}]}},"_links":{"self":[{"href":"https:\/\/domaine-de-gaujac.com\/nl\/wp-json\/wp\/v2\/pages\/9002","targetHints":{"allow":["GET"]}}],"collection":[{"href":"https:\/\/domaine-de-gaujac.com\/nl\/wp-json\/wp\/v2\/pages"}],"about":[{"href":"https:\/\/domaine-de-gaujac.com\/nl\/wp-json\/wp\/v2\/types\/page"}],"author":[{"embeddable":true,"href":"https:\/\/domaine-de-gaujac.com\/nl\/wp-json\/wp\/v2\/users\/1"}],"replies":[{"embeddable":true,"href":"https:\/\/domaine-de-gaujac.com\/nl\/wp-json\/wp\/v2\/comments?post=9002"}],"version-history":[{"count":5,"href":"https:\/\/domaine-de-gaujac.com\/nl\/wp-json\/wp\/v2\/pages\/9002\/revisions"}],"predecessor-version":[{"id":1195956,"href":"https:\/\/domaine-de-gaujac.com\/nl\/wp-json\/wp\/v2\/pages\/9002\/revisions\/1195956"}],"up":[{"embeddable":true,"href":"https:\/\/domaine-de-gaujac.com\/nl\/wp-json\/wp\/v2\/pages\/8752"}],"wp:featuredmedia":[{"embeddable":true,"href":"https:\/\/domaine-de-gaujac.com\/nl\/wp-json\/wp\/v2\/media\/9007"}],"wp:attachment":[{"href":"https:\/\/domaine-de-gaujac.com\/nl\/wp-json\/wp\/v2\/media?parent=9002"}],"curies":[{"name":"wp","href":"https:\/\/api.w.org\/{rel}","templated":true}]}}