{"id":8947,"date":"2023-08-25T12:59:57","date_gmt":"2023-08-25T10:59:57","guid":{"rendered":"https:\/\/domaine-de-gaujac.com\/tourisme-gard\/the-market-in-anduze\/"},"modified":"2026-02-26T15:56:14","modified_gmt":"2026-02-26T14:56:14","slug":"the-market-in-anduze","status":"publish","type":"page","link":"https:\/\/domaine-de-gaujac.com\/en\/tourism-gard\/the-market-in-anduze\/","title":{"rendered":"The Market in Anduze"},"content":{"rendered":"\n<div class=\"wp-block-group is-layout-constrained wp-container-core-group-is-layout-3b3f7343 wp-block-group-is-layout-constrained\" style=\"padding-top:var(--wp--preset--spacing--60);padding-bottom:var(--wp--preset--spacing--60)\">\n<h1 class=\"wp-block-heading alignwide has-text-align-center has-link-color-color has-text-color has-x-large-font-size\" style=\"margin-top:var(--wp--preset--spacing--60);margin-right:var(--wp--preset--spacing--60);margin-bottom:var(--wp--preset--spacing--60);margin-left:var(--wp--preset--spacing--60);padding-top:var(--wp--preset--spacing--60);padding-right:var(--wp--preset--spacing--60);padding-bottom:var(--wp--preset--spacing--60);padding-left:var(--wp--preset--spacing--60);text-transform:capitalize\">The Market in Anduze<\/h1>\n\n\n\n<div class=\"wp-block-columns is-layout-flex wp-container-core-columns-is-layout-08c01c1c wp-block-columns-is-layout-flex\">\n<div class=\"wp-block-column is-layout-flow wp-container-core-column-is-layout-119bc444 wp-block-column-is-layout-flow\" style=\"flex-basis:60%\">\n<div class=\"wp-block-columns is-layout-flex wp-container-core-columns-is-layout-08c01c1c wp-block-columns-is-layout-flex\">\n<div class=\"wp-block-column is-layout-flow wp-container-core-column-is-layout-119bc444 wp-block-column-is-layout-flow\">\n<figure class=\"wp-block-image size-full has-custom-border alignfull animated fadeIn slow\"><a href=\"https:\/\/domaine-de-gaujac.com\/wp-content\/uploads\/2023\/09\/les-marches-dans-le-gard.png\"><img decoding=\"async\" width=\"800\" height=\"600\" sizes=\"(max-width: min(calc(100% - 15vw), 800px)) 100vw, min(calc(100% - 15vw), 800px)\" src=\"https:\/\/domaine-de-gaujac.com\/wp-content\/uploads\/2023\/09\/les-marches-dans-le-gard.png\" alt=\"Markets in the Gard\" class=\"wp-image-7030\" style=\"border-top-left-radius:2rem\" srcset=\"https:\/\/domaine-de-gaujac.com\/wp-content\/uploads\/2023\/09\/les-marches-dans-le-gard.png 800w, https:\/\/domaine-de-gaujac.com\/wp-content\/uploads\/2023\/09\/les-marches-dans-le-gard-300x225.png 300w, https:\/\/domaine-de-gaujac.com\/wp-content\/uploads\/2023\/09\/les-marches-dans-le-gard-768x576.png 768w\" \/><\/a><\/figure>\n\n\n\n<figure class=\"wp-block-image size-full alignfull animated fadeIn delay-200ms slow\"><a href=\"https:\/\/domaine-de-gaujac.com\/wp-content\/uploads\/2023\/09\/les-marches-a-anduze.png\"><img decoding=\"async\" width=\"800\" height=\"600\" sizes=\"(max-width: min(calc(100% - 15vw), 800px)) 100vw, min(calc(100% - 15vw), 800px)\" src=\"https:\/\/domaine-de-gaujac.com\/wp-content\/uploads\/2023\/09\/les-marches-a-anduze.png\" alt=\"Markets in Anduze\" class=\"wp-image-7032\" srcset=\"https:\/\/domaine-de-gaujac.com\/wp-content\/uploads\/2023\/09\/les-marches-a-anduze.png 800w, https:\/\/domaine-de-gaujac.com\/wp-content\/uploads\/2023\/09\/les-marches-a-anduze-300x225.png 300w, https:\/\/domaine-de-gaujac.com\/wp-content\/uploads\/2023\/09\/les-marches-a-anduze-768x576.png 768w\" \/><\/a><\/figure>\n<\/div>\n\n\n\n<div class=\"wp-block-column is-layout-flow wp-container-core-column-is-layout-119bc444 wp-block-column-is-layout-flow\">\n<figure class=\"wp-block-image size-large alignfull refill animated fadeIn delay-100ms slow\"><a href=\"https:\/\/domaine-de-gaujac.com\/wp-content\/uploads\/2023\/09\/marches-a-anduze-683x1024.jpg\"><img decoding=\"async\" width=\"683\" height=\"1024\" sizes=\"(max-width: min(calc(100% - 15vw), 683px)) 100vw, min(calc(100% - 15vw), 683px)\" src=\"https:\/\/domaine-de-gaujac.com\/wp-content\/uploads\/2023\/09\/marches-a-anduze-683x1024.jpg\" alt=\"Markets in Anduze\" class=\"wp-image-7573\" srcset=\"https:\/\/domaine-de-gaujac.com\/wp-content\/uploads\/2023\/09\/marches-a-anduze-683x1024.jpg 683w, https:\/\/domaine-de-gaujac.com\/wp-content\/uploads\/2023\/09\/marches-a-anduze-200x300.jpg 200w, https:\/\/domaine-de-gaujac.com\/wp-content\/uploads\/2023\/09\/marches-a-anduze-768x1152.jpg 768w, https:\/\/domaine-de-gaujac.com\/wp-content\/uploads\/2023\/09\/marches-a-anduze.jpg 800w\" \/><\/a><\/figure>\n<\/div>\n<\/div>\n<\/div>\n\n\n\n<div class=\"wp-block-column is-vertically-aligned-top is-layout-flow wp-block-column-is-layout-flow\" style=\"flex-basis:40%\">\n<div class=\"wp-block-group is-layout-flow wp-block-group-is-layout-flow\" style=\"padding-right:var(--wp--preset--spacing--40);padding-bottom:0;padding-left:var(--wp--preset--spacing--40)\">\n<h2 class=\"wp-block-heading has-color-1-color has-text-color has-ursula-font-family has-large-font-size\" style=\"margin-top:0;margin-right:0;margin-bottom:0;margin-left:0;font-style:normal;font-weight:500;line-height:1\">The best markets in Anduze<\/h2>\n\n\n\n<p>During your <a href=\"\/tourisme-gard\/\">stay in the Gard<\/a> at <a href=\"https:\/\/domaine-de-gaujac.com\/en\/\">camping Le Domaine de Gaujac<\/a>, if you want to get to know the original France, its customs and traditions, <a href=\"https:\/\/domaine-de-gaujac.com\/en\/tourism-gard\/tourism-anduze\/\">Anduze<\/a> offers the best opportunity to do so. After all, the small town in the C\u00e9vennes lives its traditions in a sense. Together with the locals, holidaymakers can participate in various festivals and also visit numerous markets and of course, taste countless regional products.<\/p>\n\n\n\n<p>Thursdays are the days when traders and buyers meet at the <strong>Anduze market<\/strong>.<\/p>\n<\/div>\n<\/div>\n<\/div>\n<\/div>\n\n<div class=\"wp-block-group overflow-hidden is-layout-flow wp-block-group-is-layout-flow\" style=\"margin-top:0;margin-bottom:0;padding-top:0;padding-bottom:0\">\n<div class=\"wp-block-group overflow-hidden has-color-4-background-color has-background is-layout-flow wp-block-group-is-layout-flow\" style=\"padding-top:0;padding-bottom:0\">\n<figure class=\"wp-block-image size-full is-resized rellax m-n-l-38 opacity-15 is-style-gt-bg-image-top-left\"><img decoding=\"async\" width=\"1024\" height=\"1024\" sizes=\"(max-width: min(calc(100% - 15vw), 256px)) 100vw, min(calc(100% - 15vw), 256px)\" src=\"https:\/\/domaine-de-gaujac.com\/wp-content\/uploads\/2023\/06\/Camping-Paradis-Chanterelles04-3.webp\" alt=\"Party Logo\" class=\"wp-image-4452\" style=\"width:256px;height:256px\" srcset=\"https:\/\/domaine-de-gaujac.com\/wp-content\/uploads\/2023\/06\/Camping-Paradis-Chanterelles04-3.webp 1024w, https:\/\/domaine-de-gaujac.com\/wp-content\/uploads\/2023\/06\/Camping-Paradis-Chanterelles04-3-300x300.webp 300w, https:\/\/domaine-de-gaujac.com\/wp-content\/uploads\/2023\/06\/Camping-Paradis-Chanterelles04-3-150x150.webp 150w, https:\/\/domaine-de-gaujac.com\/wp-content\/uploads\/2023\/06\/Camping-Paradis-Chanterelles04-3-768x768.webp 768w\" \/><\/figure>\n\n\n\n<div class=\"wp-block-columns is-layout-flex wp-container-core-columns-is-layout-28f84493 wp-block-columns-is-layout-flex\">\n<div class=\"wp-block-column is-vertically-aligned-center is-layout-flow wp-block-column-is-layout-flow\" style=\"padding-top:var(--wp--preset--spacing--80);padding-right:var(--wp--preset--spacing--80);padding-bottom:var(--wp--preset--spacing--80);padding-left:var(--wp--preset--spacing--80);flex-basis:50%\">\n<p><strong>Going to the Anduze market<\/strong> means meeting farmers and local producers from the C\u00e9vennes. They are motivated by their jobs and enthusiastic to present you the product of their land, their masterpiece. You will meet exceptional people and share unforgettable moments during your visit <strong>to the Anduze market<\/strong>. You can <strong>go to the market in Anduze<\/strong> as a couple or with all your family members or group of friends.<\/p>\n\n\n\n<h2 class=\"wp-block-heading\"><strong>The different markets<\/strong><\/h2>\n\n\n\n<p>Monday Cardet <br\/>Tuesday Saint Jean du Gard &#8211; Saint Christol Lez Ales &#8211; Le Vigan <br\/>Wednesday Quissac &#8211; La Grand&#8217;Combe <br\/>Thursday Anduze <br\/>Friday Ganges &#8211; Al\u00e8s &#8211; G\u00e9n\u00e9rargues <br\/>Saturday Al\u00e8s &#8211; Boisset et Gaujac &#8211; La Grand&#8217;Combe &#8211; Sauve &#8211; Uz\u00e8s <br\/>Sunday Chamborigaud &#8211; L\u00e9zan &#8211; Anduze (flea market)<\/p>\n\n\n\n<h2 class=\"wp-block-heading\"><strong>Night Markets<\/strong><\/h2>\n\n\n\n<p>Tuesday Anduze <br\/>Wednesday Al\u00e8s &#8211; Sommi\u00e8res <br\/>Thursday Saint Jean Du Gard<\/p>\n<\/div>\n\n\n\n<div class=\"wp-block-column is-vertically-aligned-center is-layout-flow wp-block-column-is-layout-flow\" style=\"border-style:none;border-width:0px;padding-top:0;padding-right:0;padding-bottom:0;padding-left:0;line-height:1.5;flex-basis:50%\">\n<div class=\"wp-block-group overflow-auto is-layout-flow wp-block-group-is-layout-flow\" style=\"padding-left:var(--wp--preset--spacing--80)\">\n<figure class=\"wp-block-image alignright size-full is-resized alignfull blobed\"><img decoding=\"async\" width=\"800\" height=\"600\" sizes=\"(max-width: min(calc(100% - 15vw), 800px)) 100vw, min(calc(100% - 15vw), 800px)\" src=\"https:\/\/domaine-de-gaujac.com\/wp-content\/uploads\/2023\/09\/decouvrir-les-marches-du-gard.png\" alt=\"Discover the markets of the Gard\" class=\"wp-image-7039\" style=\"width:800px;height:600px\" srcset=\"https:\/\/domaine-de-gaujac.com\/wp-content\/uploads\/2023\/09\/decouvrir-les-marches-du-gard.png 800w, https:\/\/domaine-de-gaujac.com\/wp-content\/uploads\/2023\/09\/decouvrir-les-marches-du-gard-300x225.png 300w, https:\/\/domaine-de-gaujac.com\/wp-content\/uploads\/2023\/09\/decouvrir-les-marches-du-gard-768x576.png 768w\" \/><\/figure>\n<\/div>\n<\/div>\n<\/div>\n<\/div>\n<\/div>\n\n<div class=\"wp-block-group overflow-visible has-background is-layout-constrained wp-container-core-group-is-layout-612028c2 wp-block-group-is-layout-constrained\" style=\"border-top-color:var(--wp--preset--color--white);border-top-width:12rem;border-right-color:var(--wp--preset--color--white);border-bottom-color:var(--wp--preset--color--white);border-left-color:var(--wp--preset--color--white);background:linear-gradient(174deg,rgb(255,255,255) 29%,rgb(173,219,243) 29%);margin-top:0rem;margin-bottom:0;padding-top:var(--wp--preset--spacing--80);padding-bottom:8rem\">\n<figure class=\"wp-block-image size-full is-resized rellax is-style-gt-bg-image-bottom-left\"><img decoding=\"async\" width=\"273\" height=\"218\" sizes=\"(max-width: min(calc(100% - 15vw), 205px)) 100vw, min(calc(100% - 15vw), 205px)\" src=\"https:\/\/domaine-de-gaujac.com\/wp-content\/uploads\/2023\/05\/actualites-camping-paradis.png\" alt=\"news camping paradis\" class=\"wp-image-841\" style=\"width:205px;height:164px\"\/><\/figure>\n\n\n\n<h2 class=\"wp-block-heading has-text-align-center z-index-3 position-relative m-n-t-20 animated fadeInUp has-large-font-size\">Discover Anduze:<\/h2>\n\n\n\n<div class=\"wp-block-group is-content-justification-center is-layout-constrained wp-container-core-group-is-layout-1557714b wp-block-group-is-layout-constrained\">\n<hr class=\"wp-block-separator has-text-color has-link-color-color has-alpha-channel-opacity has-link-color-background-color has-background animated fadeInUp delay-200ms\" \/>\n<\/div>\n\n\n\r\n<div \r\n     \r\n    class=\"gt-maillage-block animated fadeInUp delay-100ms slow\" \r\n    style=\"border-top-left-radius:0px;border-top-right-radius:0px;border-bottom-left-radius:0px;border-bottom-right-radius:0px;border-style:none;border-width:0px;\"\r\n>\r\n\r\n    \r\n        \r\n        <article \r\n    class=\"gt-cta gt-cta--page\" \r\n    style=\"aspect-ratio:1\/1\"\r\n>\r\n    <a href=\"https:\/\/domaine-de-gaujac.com\/en\/tourism-gard\/tourism-anduze\/\" title=\"Anduze\" class=\"gt-cta__link\">\r\n        <div class=\"gt-cta__thumb\">\r\n                                            <img alt=\"visiter anduze en campin\" decoding=\"async\" width=\"550\" height=\"550\" src=\"https:\/\/domaine-de-gaujac.com\/wp-content\/uploads\/2023\/08\/visiter-anduze-en-campin.jpg\" class=\"attachment-full size-full\" alt=\"\" srcset=\"https:\/\/domaine-de-gaujac.com\/wp-content\/uploads\/2023\/08\/visiter-anduze-en-campin.jpg 550w, https:\/\/domaine-de-gaujac.com\/wp-content\/uploads\/2023\/08\/visiter-anduze-en-campin-300x300.jpg 300w, https:\/\/domaine-de-gaujac.com\/wp-content\/uploads\/2023\/08\/visiter-anduze-en-campin-150x150.jpg 150w\" sizes=\"(max-width: 550px) 100vw, 550px\" \/>                    <\/div>\r\n        <div class=\"gt-cta__content\">\r\n            <div class=\"gt-cta__title\">\r\n                Anduze            <\/div>\r\n        <\/div>\r\n    <\/a>\r\n<\/article>\r\n    \r\n        <article \r\n    class=\"gt-cta gt-cta--page\" \r\n    style=\"aspect-ratio:1\/1\"\r\n>\r\n    <a href=\"https:\/\/domaine-de-gaujac.com\/en\/tourism-gard\/the-culinary-specialities-danduze\/\" title=\"The culinary specialities of Anduze\" class=\"gt-cta__link\">\r\n        <div class=\"gt-cta__thumb\">\r\n                                            <img alt=\"gastronimie camping domaine de gaujac\" decoding=\"async\" width=\"550\" height=\"550\" src=\"https:\/\/domaine-de-gaujac.com\/wp-content\/uploads\/2023\/09\/gastronimie-camping-domaine-de-gaujac.jpg\" class=\"attachment-full size-full\" alt=\"\" srcset=\"https:\/\/domaine-de-gaujac.com\/wp-content\/uploads\/2023\/09\/gastronimie-camping-domaine-de-gaujac.jpg 550w, https:\/\/domaine-de-gaujac.com\/wp-content\/uploads\/2023\/09\/gastronimie-camping-domaine-de-gaujac-300x300.jpg 300w, https:\/\/domaine-de-gaujac.com\/wp-content\/uploads\/2023\/09\/gastronimie-camping-domaine-de-gaujac-150x150.jpg 150w\" sizes=\"(max-width: 550px) 100vw, 550px\" \/>                    <\/div>\r\n        <div class=\"gt-cta__content\">\r\n            <div class=\"gt-cta__title\">\r\n                Tourism            <\/div>\r\n        <\/div>\r\n    <\/a>\r\n<\/article>\r\n    \r\n        <article \r\n    class=\"gt-cta gt-cta--page\" \r\n    style=\"aspect-ratio:1\/1\"\r\n>\r\n    <a href=\"https:\/\/domaine-de-gaujac.com\/en\/tourism-gard\/where-to-bathe-in-anduze\/\" title=\"Where to swim in Anduze?\" class=\"gt-cta__link\">\r\n        <div class=\"gt-cta__thumb\">\r\n                                            <img alt=\"decouvrir les plages danduze\" decoding=\"async\" width=\"550\" height=\"550\" src=\"https:\/\/domaine-de-gaujac.com\/wp-content\/uploads\/2023\/09\/decouvrir-les-plages-danduze.jpg\" class=\"attachment-full size-full\" alt=\"\" srcset=\"https:\/\/domaine-de-gaujac.com\/wp-content\/uploads\/2023\/09\/decouvrir-les-plages-danduze.jpg 550w, https:\/\/domaine-de-gaujac.com\/wp-content\/uploads\/2023\/09\/decouvrir-les-plages-danduze-300x300.jpg 300w, https:\/\/domaine-de-gaujac.com\/wp-content\/uploads\/2023\/09\/decouvrir-les-plages-danduze-150x150.jpg 150w\" sizes=\"(max-width: 550px) 100vw, 550px\" \/>                    <\/div>\r\n        <div class=\"gt-cta__content\">\r\n            <div class=\"gt-cta__title\">\r\n                Tourism            <\/div>\r\n        <\/div>\r\n    <\/a>\r\n<\/article>\r\n            \r\n<\/div><\/div>\n","protected":false},"excerpt":{"rendered":"<p>The Market in Anduze The best markets in Anduze During your stay in the Gard at camping Le Domaine de Gaujac, if you want to get to know the original France, its customs and traditions, Anduze offers the best opportunity to do so. After all, the small town in the C\u00e9vennes lives its traditions in [&hellip;]<\/p>\n","protected":false},"author":1,"featured_media":8568,"parent":8685,"menu_order":56,"comment_status":"closed","ping_status":"closed","template":"","meta":{"_acf_changed":false,"footnotes":""},"class_list":["post-8947","page","type-page","status-publish","has-post-thumbnail","hentry"],"acf":[],"yoast_head":"<!-- This site is optimized with the Yoast SEO plugin v27.3 - https:\/\/yoast.com\/product\/yoast-seo-wordpress\/ -->\n<title>Markets in Anduze in the Gard: list of markets, flea markets, night markets, summer markets<\/title>\n<meta name=\"description\" content=\"Discover the traditional market of Anduze during your stay at Domaine de Gaujac: local products, crafts and the authenticity of the Gard.\" \/>\n<meta name=\"robots\" content=\"index, follow, max-snippet:-1, max-image-preview:large, max-video-preview:-1\" \/>\n<link rel=\"canonical\" href=\"https:\/\/domaine-de-gaujac.com\/en\/tourism-gard\/the-market-in-anduze\/\" \/>\n<meta property=\"og:locale\" content=\"en_US\" \/>\n<meta property=\"og:type\" content=\"article\" \/>\n<meta property=\"og:title\" content=\"Markets in Anduze in the Gard: list of markets, flea markets, night markets, summer markets\" \/>\n<meta property=\"og:description\" content=\"Discover the traditional market of Anduze during your stay at Domaine de Gaujac: local products, crafts and the authenticity of the Gard.\" \/>\n<meta property=\"og:url\" content=\"https:\/\/domaine-de-gaujac.com\/en\/tourism-gard\/the-market-in-anduze\/\" \/>\n<meta property=\"og:site_name\" content=\"Camping Paradis - Domaine de Gaujac\" \/>\n<meta property=\"article:modified_time\" content=\"2026-02-26T14:56:14+00:00\" \/>\n<meta property=\"og:image\" content=\"https:\/\/domaine-de-gaujac.com\/wp-content\/uploads\/2023\/09\/marches-proche-danduze.jpg\" \/>\n\t<meta property=\"og:image:width\" content=\"1920\" \/>\n\t<meta property=\"og:image:height\" content=\"500\" \/>\n\t<meta property=\"og:image:type\" content=\"image\/jpeg\" \/>\n<meta name=\"twitter:card\" content=\"summary_large_image\" \/>\n<meta name=\"twitter:label1\" content=\"Est. reading time\" \/>\n\t<meta name=\"twitter:data1\" content=\"1 minute\" \/>\n<script type=\"application\/ld+json\" class=\"yoast-schema-graph\">{\"@context\":\"https:\\\/\\\/schema.org\",\"@graph\":[{\"@type\":\"WebPage\",\"@id\":\"https:\\\/\\\/domaine-de-gaujac.com\\\/en\\\/tourism-gard\\\/the-market-in-anduze\\\/\",\"url\":\"https:\\\/\\\/domaine-de-gaujac.com\\\/en\\\/tourism-gard\\\/the-market-in-anduze\\\/\",\"name\":\"Markets in Anduze in the Gard: list of markets, flea markets, night markets, summer markets\",\"isPartOf\":{\"@id\":\"https:\\\/\\\/domaine-de-gaujac.com\\\/en\\\/#website\"},\"primaryImageOfPage\":{\"@id\":\"https:\\\/\\\/domaine-de-gaujac.com\\\/en\\\/tourism-gard\\\/the-market-in-anduze\\\/#primaryimage\"},\"image\":{\"@id\":\"https:\\\/\\\/domaine-de-gaujac.com\\\/en\\\/tourism-gard\\\/the-market-in-anduze\\\/#primaryimage\"},\"thumbnailUrl\":\"https:\\\/\\\/domaine-de-gaujac.com\\\/wp-content\\\/uploads\\\/2023\\\/09\\\/marches-proche-danduze.jpg\",\"datePublished\":\"2023-08-25T10:59:57+00:00\",\"dateModified\":\"2026-02-26T14:56:14+00:00\",\"description\":\"Discover the traditional market of Anduze during your stay at Domaine de Gaujac: local products, crafts and the authenticity of the Gard.\",\"breadcrumb\":{\"@id\":\"https:\\\/\\\/domaine-de-gaujac.com\\\/en\\\/tourism-gard\\\/the-market-in-anduze\\\/#breadcrumb\"},\"inLanguage\":\"en-US\",\"potentialAction\":[{\"@type\":\"ReadAction\",\"target\":[\"https:\\\/\\\/domaine-de-gaujac.com\\\/en\\\/tourism-gard\\\/the-market-in-anduze\\\/\"]}]},{\"@type\":\"ImageObject\",\"inLanguage\":\"en-US\",\"@id\":\"https:\\\/\\\/domaine-de-gaujac.com\\\/en\\\/tourism-gard\\\/the-market-in-anduze\\\/#primaryimage\",\"url\":\"https:\\\/\\\/domaine-de-gaujac.com\\\/wp-content\\\/uploads\\\/2023\\\/09\\\/marches-proche-danduze.jpg\",\"contentUrl\":\"https:\\\/\\\/domaine-de-gaujac.com\\\/wp-content\\\/uploads\\\/2023\\\/09\\\/marches-proche-danduze.jpg\",\"width\":1920,\"height\":500},{\"@type\":\"BreadcrumbList\",\"@id\":\"https:\\\/\\\/domaine-de-gaujac.com\\\/en\\\/tourism-gard\\\/the-market-in-anduze\\\/#breadcrumb\",\"itemListElement\":[{\"@type\":\"ListItem\",\"position\":1,\"name\":\"Camping Anduze dans le Gard\",\"item\":\"https:\\\/\\\/domaine-de-gaujac.com\\\/en\\\/\"},{\"@type\":\"ListItem\",\"position\":2,\"name\":\"Tourism in the Gard\",\"item\":\"https:\\\/\\\/domaine-de-gaujac.com\\\/en\\\/tourism-gard\\\/\"},{\"@type\":\"ListItem\",\"position\":3,\"name\":\"The markets of the Gard\"}]},{\"@type\":\"WebSite\",\"@id\":\"https:\\\/\\\/domaine-de-gaujac.com\\\/en\\\/#website\",\"url\":\"https:\\\/\\\/domaine-de-gaujac.com\\\/en\\\/\",\"name\":\"Camping Paradis - Domaine de Gaujac\",\"description\":\"\",\"publisher\":{\"@id\":\"https:\\\/\\\/domaine-de-gaujac.com\\\/en\\\/#organization\"},\"potentialAction\":[{\"@type\":\"SearchAction\",\"target\":{\"@type\":\"EntryPoint\",\"urlTemplate\":\"https:\\\/\\\/domaine-de-gaujac.com\\\/en\\\/?s={search_term_string}\"},\"query-input\":{\"@type\":\"PropertyValueSpecification\",\"valueRequired\":true,\"valueName\":\"search_term_string\"}}],\"inLanguage\":\"en-US\"},{\"@type\":\"Organization\",\"@id\":\"https:\\\/\\\/domaine-de-gaujac.com\\\/en\\\/#organization\",\"name\":\"Camping Paradis - Domaine de Gaujac\",\"url\":\"https:\\\/\\\/domaine-de-gaujac.com\\\/en\\\/\",\"logo\":{\"@type\":\"ImageObject\",\"inLanguage\":\"en-US\",\"@id\":\"https:\\\/\\\/domaine-de-gaujac.com\\\/en\\\/#\\\/schema\\\/logo\\\/image\\\/\",\"url\":\"https:\\\/\\\/domaine-de-gaujac.com\\\/wp-content\\\/uploads\\\/2024\\\/05\\\/LOGO-CP-DOMAINE-DE-GAUJAC-1-1.png\",\"contentUrl\":\"https:\\\/\\\/domaine-de-gaujac.com\\\/wp-content\\\/uploads\\\/2024\\\/05\\\/LOGO-CP-DOMAINE-DE-GAUJAC-1-1.png\",\"width\":3334,\"height\":2084,\"caption\":\"Camping Paradis - Domaine de Gaujac\"},\"image\":{\"@id\":\"https:\\\/\\\/domaine-de-gaujac.com\\\/en\\\/#\\\/schema\\\/logo\\\/image\\\/\"}}]}<\/script>\n<!-- \/ Yoast SEO plugin. -->","yoast_head_json":{"title":"Markets in Anduze in the Gard: list of markets, flea markets, night markets, summer markets","description":"Discover the traditional market of Anduze during your stay at Domaine de Gaujac: local products, crafts and the authenticity of the Gard.","robots":{"index":"index","follow":"follow","max-snippet":"max-snippet:-1","max-image-preview":"max-image-preview:large","max-video-preview":"max-video-preview:-1"},"canonical":"https:\/\/domaine-de-gaujac.com\/en\/tourism-gard\/the-market-in-anduze\/","og_locale":"en_US","og_type":"article","og_title":"Markets in Anduze in the Gard: list of markets, flea markets, night markets, summer markets","og_description":"Discover the traditional market of Anduze during your stay at Domaine de Gaujac: local products, crafts and the authenticity of the Gard.","og_url":"https:\/\/domaine-de-gaujac.com\/en\/tourism-gard\/the-market-in-anduze\/","og_site_name":"Camping Paradis - Domaine de Gaujac","article_modified_time":"2026-02-26T14:56:14+00:00","og_image":[{"width":1920,"height":500,"url":"https:\/\/domaine-de-gaujac.com\/wp-content\/uploads\/2023\/09\/marches-proche-danduze.jpg","type":"image\/jpeg"}],"twitter_card":"summary_large_image","twitter_misc":{"Est. reading time":"1 minute"},"schema":{"@context":"https:\/\/schema.org","@graph":[{"@type":"WebPage","@id":"https:\/\/domaine-de-gaujac.com\/en\/tourism-gard\/the-market-in-anduze\/","url":"https:\/\/domaine-de-gaujac.com\/en\/tourism-gard\/the-market-in-anduze\/","name":"Markets in Anduze in the Gard: list of markets, flea markets, night markets, summer markets","isPartOf":{"@id":"https:\/\/domaine-de-gaujac.com\/en\/#website"},"primaryImageOfPage":{"@id":"https:\/\/domaine-de-gaujac.com\/en\/tourism-gard\/the-market-in-anduze\/#primaryimage"},"image":{"@id":"https:\/\/domaine-de-gaujac.com\/en\/tourism-gard\/the-market-in-anduze\/#primaryimage"},"thumbnailUrl":"https:\/\/domaine-de-gaujac.com\/wp-content\/uploads\/2023\/09\/marches-proche-danduze.jpg","datePublished":"2023-08-25T10:59:57+00:00","dateModified":"2026-02-26T14:56:14+00:00","description":"Discover the traditional market of Anduze during your stay at Domaine de Gaujac: local products, crafts and the authenticity of the Gard.","breadcrumb":{"@id":"https:\/\/domaine-de-gaujac.com\/en\/tourism-gard\/the-market-in-anduze\/#breadcrumb"},"inLanguage":"en-US","potentialAction":[{"@type":"ReadAction","target":["https:\/\/domaine-de-gaujac.com\/en\/tourism-gard\/the-market-in-anduze\/"]}]},{"@type":"ImageObject","inLanguage":"en-US","@id":"https:\/\/domaine-de-gaujac.com\/en\/tourism-gard\/the-market-in-anduze\/#primaryimage","url":"https:\/\/domaine-de-gaujac.com\/wp-content\/uploads\/2023\/09\/marches-proche-danduze.jpg","contentUrl":"https:\/\/domaine-de-gaujac.com\/wp-content\/uploads\/2023\/09\/marches-proche-danduze.jpg","width":1920,"height":500},{"@type":"BreadcrumbList","@id":"https:\/\/domaine-de-gaujac.com\/en\/tourism-gard\/the-market-in-anduze\/#breadcrumb","itemListElement":[{"@type":"ListItem","position":1,"name":"Camping Anduze dans le Gard","item":"https:\/\/domaine-de-gaujac.com\/en\/"},{"@type":"ListItem","position":2,"name":"Tourism in the Gard","item":"https:\/\/domaine-de-gaujac.com\/en\/tourism-gard\/"},{"@type":"ListItem","position":3,"name":"The markets of the Gard"}]},{"@type":"WebSite","@id":"https:\/\/domaine-de-gaujac.com\/en\/#website","url":"https:\/\/domaine-de-gaujac.com\/en\/","name":"Camping Paradis - Domaine de Gaujac","description":"","publisher":{"@id":"https:\/\/domaine-de-gaujac.com\/en\/#organization"},"potentialAction":[{"@type":"SearchAction","target":{"@type":"EntryPoint","urlTemplate":"https:\/\/domaine-de-gaujac.com\/en\/?s={search_term_string}"},"query-input":{"@type":"PropertyValueSpecification","valueRequired":true,"valueName":"search_term_string"}}],"inLanguage":"en-US"},{"@type":"Organization","@id":"https:\/\/domaine-de-gaujac.com\/en\/#organization","name":"Camping Paradis - Domaine de Gaujac","url":"https:\/\/domaine-de-gaujac.com\/en\/","logo":{"@type":"ImageObject","inLanguage":"en-US","@id":"https:\/\/domaine-de-gaujac.com\/en\/#\/schema\/logo\/image\/","url":"https:\/\/domaine-de-gaujac.com\/wp-content\/uploads\/2024\/05\/LOGO-CP-DOMAINE-DE-GAUJAC-1-1.png","contentUrl":"https:\/\/domaine-de-gaujac.com\/wp-content\/uploads\/2024\/05\/LOGO-CP-DOMAINE-DE-GAUJAC-1-1.png","width":3334,"height":2084,"caption":"Camping Paradis - Domaine de Gaujac"},"image":{"@id":"https:\/\/domaine-de-gaujac.com\/en\/#\/schema\/logo\/image\/"}}]}},"_links":{"self":[{"href":"https:\/\/domaine-de-gaujac.com\/en\/wp-json\/wp\/v2\/pages\/8947","targetHints":{"allow":["GET"]}}],"collection":[{"href":"https:\/\/domaine-de-gaujac.com\/en\/wp-json\/wp\/v2\/pages"}],"about":[{"href":"https:\/\/domaine-de-gaujac.com\/en\/wp-json\/wp\/v2\/types\/page"}],"author":[{"embeddable":true,"href":"https:\/\/domaine-de-gaujac.com\/en\/wp-json\/wp\/v2\/users\/1"}],"replies":[{"embeddable":true,"href":"https:\/\/domaine-de-gaujac.com\/en\/wp-json\/wp\/v2\/comments?post=8947"}],"version-history":[{"count":6,"href":"https:\/\/domaine-de-gaujac.com\/en\/wp-json\/wp\/v2\/pages\/8947\/revisions"}],"predecessor-version":[{"id":1204407,"href":"https:\/\/domaine-de-gaujac.com\/en\/wp-json\/wp\/v2\/pages\/8947\/revisions\/1204407"}],"up":[{"embeddable":true,"href":"https:\/\/domaine-de-gaujac.com\/en\/wp-json\/wp\/v2\/pages\/8685"}],"wp:featuredmedia":[{"embeddable":true,"href":"https:\/\/domaine-de-gaujac.com\/en\/wp-json\/wp\/v2\/media\/8568"}],"wp:attachment":[{"href":"https:\/\/domaine-de-gaujac.com\/en\/wp-json\/wp\/v2\/media?parent=8947"}],"curies":[{"name":"wp","href":"https:\/\/api.w.org\/{rel}","templated":true}]}}