{"id":8912,"date":"2023-08-24T16:33:46","date_gmt":"2023-08-24T14:33:46","guid":{"rendered":"https:\/\/domaine-de-gaujac.com\/tourisme-gard\/the-bamboo-grove\/"},"modified":"2024-09-17T12:27:29","modified_gmt":"2024-09-17T10:27:29","slug":"the-bamboo-grove","status":"publish","type":"page","link":"https:\/\/domaine-de-gaujac.com\/en\/tourism-gard\/the-bamboo-grove\/","title":{"rendered":"The Bamboo Grove"},"content":{"rendered":"\n<div class=\"wp-block-group is-layout-constrained wp-container-core-group-is-layout-3b3f7343 wp-block-group-is-layout-constrained\" style=\"padding-top:var(--wp--preset--spacing--60);padding-bottom:var(--wp--preset--spacing--60)\">\n<h1 class=\"wp-block-heading alignwide has-text-align-center has-link-color-color has-text-color has-x-large-font-size\" style=\"margin-top:var(--wp--preset--spacing--60);margin-right:var(--wp--preset--spacing--60);margin-bottom:var(--wp--preset--spacing--60);margin-left:var(--wp--preset--spacing--60);padding-top:var(--wp--preset--spacing--60);padding-right:var(--wp--preset--spacing--60);padding-bottom:var(--wp--preset--spacing--60);padding-left:var(--wp--preset--spacing--60);text-transform:capitalize\">The Bamboo Grove<\/h1>\n\n\n\n<div class=\"wp-block-columns is-layout-flex wp-container-core-columns-is-layout-08c01c1c wp-block-columns-is-layout-flex\">\n<div class=\"wp-block-column is-layout-flow wp-container-core-column-is-layout-119bc444 wp-block-column-is-layout-flow\" style=\"flex-basis:60%\">\n<div class=\"wp-block-columns is-layout-flex wp-container-core-columns-is-layout-08c01c1c wp-block-columns-is-layout-flex\">\n<div class=\"wp-block-column is-layout-flow wp-container-core-column-is-layout-119bc444 wp-block-column-is-layout-flow\">\n<figure class=\"wp-block-image size-full has-custom-border alignfull animated fadeIn slow\"><a href=\"https:\/\/domaine-de-gaujac.com\/wp-content\/uploads\/2023\/08\/journee-a-la-bambouseraie.jpg\"><img decoding=\"async\" width=\"808\" height=\"600\" sizes=\"(max-width: min(calc(100% - 15vw), 808px)) 100vw, min(calc(100% - 15vw), 808px)\" src=\"https:\/\/domaine-de-gaujac.com\/wp-content\/uploads\/2023\/08\/journee-a-la-bambouseraie.jpg\" alt=\"Day at the Bamboo Grove\" class=\"wp-image-7013\" style=\"border-top-left-radius:2rem\" srcset=\"https:\/\/domaine-de-gaujac.com\/wp-content\/uploads\/2023\/08\/journee-a-la-bambouseraie.jpg 808w, https:\/\/domaine-de-gaujac.com\/wp-content\/uploads\/2023\/08\/journee-a-la-bambouseraie-300x223.jpg 300w, https:\/\/domaine-de-gaujac.com\/wp-content\/uploads\/2023\/08\/journee-a-la-bambouseraie-768x570.jpg 768w\" \/><\/a><\/figure>\n\n\n\n<figure class=\"wp-block-image size-full alignfull animated fadeIn delay-200ms slow\"><a href=\"https:\/\/domaine-de-gaujac.com\/wp-content\/uploads\/2023\/08\/visiter-la-bambouseraie-depuis-camping.jpg\"><img decoding=\"async\" width=\"808\" height=\"600\" sizes=\"(max-width: min(calc(100% - 15vw), 808px)) 100vw, min(calc(100% - 15vw), 808px)\" src=\"https:\/\/domaine-de-gaujac.com\/wp-content\/uploads\/2023\/08\/visiter-la-bambouseraie-depuis-camping.jpg\" alt=\"Visit the Bamboo Grove from Camping\" class=\"wp-image-7016\" srcset=\"https:\/\/domaine-de-gaujac.com\/wp-content\/uploads\/2023\/08\/visiter-la-bambouseraie-depuis-camping.jpg 808w, https:\/\/domaine-de-gaujac.com\/wp-content\/uploads\/2023\/08\/visiter-la-bambouseraie-depuis-camping-300x223.jpg 300w, https:\/\/domaine-de-gaujac.com\/wp-content\/uploads\/2023\/08\/visiter-la-bambouseraie-depuis-camping-768x570.jpg 768w\" \/><\/a><\/figure>\n<\/div>\n\n\n\n<div class=\"wp-block-column is-layout-flow wp-container-core-column-is-layout-119bc444 wp-block-column-is-layout-flow\">\n<figure class=\"wp-block-image size-large alignfull refill animated fadeIn delay-100ms slow\"><a href=\"https:\/\/domaine-de-gaujac.com\/wp-content\/uploads\/2023\/08\/camping-le-domaine-de-gaujac-proche-la-bambouseraie-683x1024.jpg\"><img decoding=\"async\" width=\"683\" height=\"1024\" sizes=\"(max-width: min(calc(100% - 15vw), 683px)) 100vw, min(calc(100% - 15vw), 683px)\" src=\"https:\/\/domaine-de-gaujac.com\/wp-content\/uploads\/2023\/08\/camping-le-domaine-de-gaujac-proche-la-bambouseraie-683x1024.jpg\" alt=\"Campsite Le Domaine de Gaujac near La Bambouseraie\" class=\"wp-image-7021\" srcset=\"https:\/\/domaine-de-gaujac.com\/wp-content\/uploads\/2023\/08\/camping-le-domaine-de-gaujac-proche-la-bambouseraie-683x1024.jpg 683w, https:\/\/domaine-de-gaujac.com\/wp-content\/uploads\/2023\/08\/camping-le-domaine-de-gaujac-proche-la-bambouseraie-200x300.jpg 200w, https:\/\/domaine-de-gaujac.com\/wp-content\/uploads\/2023\/08\/camping-le-domaine-de-gaujac-proche-la-bambouseraie-768x1152.jpg 768w, https:\/\/domaine-de-gaujac.com\/wp-content\/uploads\/2023\/08\/camping-le-domaine-de-gaujac-proche-la-bambouseraie.jpg 800w\" \/><\/a><\/figure>\n<\/div>\n<\/div>\n<\/div>\n\n\n\n<div class=\"wp-block-column is-vertically-aligned-top is-layout-flow wp-block-column-is-layout-flow\" style=\"flex-basis:40%\">\n<div class=\"wp-block-group is-layout-flow wp-block-group-is-layout-flow\" style=\"padding-right:var(--wp--preset--spacing--40);padding-bottom:0;padding-left:var(--wp--preset--spacing--40)\">\n<h2 class=\"wp-block-heading has-color-1-color has-text-color has-ursula-font-family has-large-font-size\" style=\"margin-top:0;margin-right:0;margin-bottom:0;margin-left:0;font-style:normal;font-weight:500;line-height:1\">Prices and opening hours of the Bamboo Grove<\/h2>\n\n\n\n<p>Classified among the <strong>most beautiful gardens in France<\/strong>, the Bamboo Grove in the C\u00e9vennes offers you a unique experience of complicity with nature.<\/p>\n\n\n\n<p>This <strong>exceptional botanical garden<\/strong> reveals more than 1000 varieties of bamboo, trees and remarkable plants, making the Bamboo Grove an <strong>exclusive place in Europe<\/strong>. It is a journey rich in discoveries and surprises that we offer you for each new season, in order to make you live and <strong>feel nature in perpetual movement<\/strong>.<\/p>\n\n\n\n<p>Only 7km from the <a href=\"https:\/\/domaine-de-gaujac.com\/en\/\">Domaine de Gaujac campsite<\/a>, La Bambouseraie in the C\u00e9vennes is committed to <strong>reducing its impact on the environment<\/strong> :<\/p>\n\n\n\n<ul class=\"wp-block-list\">\n<li>Development of <strong>biodiversity<\/strong> (natural shelters) for the <strong>balance of the ecosystem<\/strong><\/li>\n\n\n\n<li>Biological Methods<\/li>\n\n\n\n<li>Cultivation methods<\/li>\n\n\n\n<li><strong>Recycling<\/strong> (bamboo stubble, wood, etc.)<\/li>\n\n\n\n<li><strong>LPO<\/strong> (League for the Protection of Birds) refuge site<\/li>\n<\/ul>\n<\/div>\n<\/div>\n<\/div>\n<\/div>\n\n<div class=\"wp-block-group overflow-visible has-background is-layout-constrained wp-container-core-group-is-layout-612028c2 wp-block-group-is-layout-constrained\" style=\"border-top-color:var(--wp--preset--color--white);border-top-width:12rem;border-right-color:var(--wp--preset--color--white);border-bottom-color:var(--wp--preset--color--white);border-left-color:var(--wp--preset--color--white);background:linear-gradient(174deg,rgb(255,255,255) 29%,rgb(173,219,243) 29%);margin-top:0rem;margin-bottom:0;padding-top:var(--wp--preset--spacing--80);padding-bottom:8rem\">\n<figure class=\"wp-block-image size-full is-resized rellax is-style-gt-bg-image-bottom-left\"><img decoding=\"async\" sizes=\"(max-width: min(calc(100% - 15vw), 273px)) 100vw, min(calc(100% - 15vw), 273px)\" src=\"https:\/\/domaine-de-gaujac.com\/wp-content\/uploads\/2023\/05\/actualites-camping-paradis.png\" alt=\"Camping Paradis news\" class=\"wp-image-841\" style=\"width:205px;height:164px\" width=\"205\" height=\"164\"\/><\/figure>\n\n\n\n<h2 class=\"wp-block-heading has-text-align-center z-index-3 position-relative m-n-t-20 animated fadeInUp has-large-font-size\">Discover the surroundings:<\/h2>\n\n\n\n<div class=\"wp-block-group is-content-justification-center is-layout-constrained wp-container-core-group-is-layout-1557714b wp-block-group-is-layout-constrained\">\n<hr class=\"wp-block-separator has-text-color has-link-color-color has-alpha-channel-opacity has-link-color-background-color has-background animated fadeInUp delay-200ms\" \/>\n<\/div>\n\n\n\r\n<div \r\n     \r\n    class=\"gt-maillage-block animated fadeInUp delay-100ms slow\" \r\n    style=\"border-top-left-radius:0px;border-top-right-radius:0px;border-bottom-left-radius:0px;border-bottom-right-radius:0px;border-style:none;border-width:0px;\"\r\n>\r\n\r\n    \r\n        \r\n        <article \r\n    class=\"gt-cta gt-cta--page\" \r\n    style=\"aspect-ratio:1\/1\"\r\n>\r\n    <a href=\"https:\/\/domaine-de-gaujac.com\/en\/tourism-gard\/cevennes-steam-train\/\" title=\"C\u00e9vennes Steam Railway\" class=\"gt-cta__link\">\r\n        <div class=\"gt-cta__thumb\">\r\n                                            <img alt=\"train a vapeur dans le cevennes\" decoding=\"async\" width=\"550\" height=\"550\" src=\"https:\/\/domaine-de-gaujac.com\/wp-content\/uploads\/2023\/09\/train-a-vapeur-dans-le-cevennes.jpg\" class=\"attachment-full size-full\" alt=\"\" srcset=\"https:\/\/domaine-de-gaujac.com\/wp-content\/uploads\/2023\/09\/train-a-vapeur-dans-le-cevennes.jpg 550w, https:\/\/domaine-de-gaujac.com\/wp-content\/uploads\/2023\/09\/train-a-vapeur-dans-le-cevennes-300x300.jpg 300w, https:\/\/domaine-de-gaujac.com\/wp-content\/uploads\/2023\/09\/train-a-vapeur-dans-le-cevennes-150x150.jpg 150w\" sizes=\"(max-width: 550px) 100vw, 550px\" \/>                    <\/div>\r\n        <div class=\"gt-cta__content\">\r\n            <div class=\"gt-cta__title\">\r\n                C\u00e9vennes Steam Railway            <\/div>\r\n        <\/div>\r\n    <\/a>\r\n<\/article>\r\n    \r\n        <article \r\n    class=\"gt-cta gt-cta--page\" \r\n    style=\"aspect-ratio:1\/1\"\r\n>\r\n    <a href=\"https:\/\/domaine-de-gaujac.com\/en\/tourism-gard\/hiking-trails\/\" title=\"Hiking trails\" class=\"gt-cta__link\">\r\n        <div class=\"gt-cta__thumb\">\r\n                                            <img alt=\"randonnes a pied dans les cevennes\" decoding=\"async\" width=\"550\" height=\"550\" src=\"https:\/\/domaine-de-gaujac.com\/wp-content\/uploads\/2023\/09\/randonnes-a-pied-dans-les-cevennes.jpg\" class=\"attachment-full size-full\" alt=\"\" srcset=\"https:\/\/domaine-de-gaujac.com\/wp-content\/uploads\/2023\/09\/randonnes-a-pied-dans-les-cevennes.jpg 550w, https:\/\/domaine-de-gaujac.com\/wp-content\/uploads\/2023\/09\/randonnes-a-pied-dans-les-cevennes-300x300.jpg 300w, https:\/\/domaine-de-gaujac.com\/wp-content\/uploads\/2023\/09\/randonnes-a-pied-dans-les-cevennes-150x150.jpg 150w\" sizes=\"(max-width: 550px) 100vw, 550px\" \/>                    <\/div>\r\n        <div class=\"gt-cta__content\">\r\n            <div class=\"gt-cta__title\">\r\n                Hiking trails            <\/div>\r\n        <\/div>\r\n    <\/a>\r\n<\/article>\r\n    \r\n        <article \r\n    class=\"gt-cta gt-cta--page\" \r\n    style=\"aspect-ratio:1\/1\"\r\n>\r\n    <a href=\"https:\/\/domaine-de-gaujac.com\/en\/tourism-gard\/the-market-in-anduze\/\" title=\"The Market in Anduze\" class=\"gt-cta__link\">\r\n        <div class=\"gt-cta__thumb\">\r\n                                            <img alt=\"les marches dans le gard\" decoding=\"async\" width=\"800\" height=\"600\" src=\"https:\/\/domaine-de-gaujac.com\/wp-content\/uploads\/2023\/09\/les-marches-dans-le-gard.png\" class=\"attachment-full size-full\" alt=\"\" srcset=\"https:\/\/domaine-de-gaujac.com\/wp-content\/uploads\/2023\/09\/les-marches-dans-le-gard.png 800w, https:\/\/domaine-de-gaujac.com\/wp-content\/uploads\/2023\/09\/les-marches-dans-le-gard-300x225.png 300w, https:\/\/domaine-de-gaujac.com\/wp-content\/uploads\/2023\/09\/les-marches-dans-le-gard-768x576.png 768w\" sizes=\"(max-width: 800px) 100vw, 800px\" \/>                    <\/div>\r\n        <div class=\"gt-cta__content\">\r\n            <div class=\"gt-cta__title\">\r\n                The Market in Anduze            <\/div>\r\n        <\/div>\r\n    <\/a>\r\n<\/article>\r\n            \r\n<\/div><\/div>\n","protected":false},"excerpt":{"rendered":"<p>The Bamboo Grove Prices and opening hours of the Bamboo Grove Classified among the most beautiful gardens in France, the Bamboo Grove in the C\u00e9vennes offers you a unique experience of complicity with nature. This exceptional botanical garden reveals more than 1000 varieties of bamboo, trees and remarkable plants, making the Bamboo Grove an exclusive [&hellip;]<\/p>\n","protected":false},"author":1,"featured_media":8493,"parent":8685,"menu_order":103,"comment_status":"closed","ping_status":"closed","template":"","meta":{"_acf_changed":false,"footnotes":""},"class_list":["post-8912","page","type-page","status-publish","has-post-thumbnail","hentry"],"acf":[],"yoast_head":"<!-- This site is optimized with the Yoast SEO plugin v27.0 - https:\/\/yoast.com\/product\/yoast-seo-wordpress\/ -->\n<title>Bamboo grove in the C\u00e9vennes at G\u00e9n\u00e9rargues in the Gard department: visits<\/title>\n<meta name=\"description\" content=\"Visit La Bambouseraie de Prafrance, a unique exotic garden near Boisset-et-Gaujac, for a peaceful getaway in the heart of nature.\" \/>\n<meta name=\"robots\" content=\"index, follow, max-snippet:-1, max-image-preview:large, max-video-preview:-1\" \/>\n<link rel=\"canonical\" href=\"https:\/\/domaine-de-gaujac.com\/en\/tourism-gard\/the-bamboo-grove\/\" \/>\n<meta property=\"og:locale\" content=\"en_US\" \/>\n<meta property=\"og:type\" content=\"article\" \/>\n<meta property=\"og:title\" content=\"Bamboo grove in the C\u00e9vennes at G\u00e9n\u00e9rargues in the Gard department: visits\" \/>\n<meta property=\"og:description\" content=\"Visit La Bambouseraie de Prafrance, a unique exotic garden near Boisset-et-Gaujac, for a peaceful getaway in the heart of nature.\" \/>\n<meta property=\"og:url\" content=\"https:\/\/domaine-de-gaujac.com\/en\/tourism-gard\/the-bamboo-grove\/\" \/>\n<meta property=\"og:site_name\" content=\"Camping Paradis - Domaine de Gaujac\" \/>\n<meta property=\"article:modified_time\" content=\"2024-09-17T10:27:29+00:00\" \/>\n<meta property=\"og:image\" content=\"https:\/\/domaine-de-gaujac.com\/wp-content\/uploads\/2023\/08\/bambouseraie-a-anduze.jpg\" \/>\n\t<meta property=\"og:image:width\" content=\"1920\" \/>\n\t<meta property=\"og:image:height\" content=\"500\" \/>\n\t<meta property=\"og:image:type\" content=\"image\/jpeg\" \/>\n<meta name=\"twitter:card\" content=\"summary_large_image\" \/>\n<meta name=\"twitter:label1\" content=\"Est. reading time\" \/>\n\t<meta name=\"twitter:data1\" content=\"1 minute\" \/>\n<script type=\"application\/ld+json\" class=\"yoast-schema-graph\">{\"@context\":\"https:\/\/schema.org\",\"@graph\":[{\"@type\":\"WebPage\",\"@id\":\"https:\/\/domaine-de-gaujac.com\/en\/tourism-gard\/the-bamboo-grove\/\",\"url\":\"https:\/\/domaine-de-gaujac.com\/en\/tourism-gard\/the-bamboo-grove\/\",\"name\":\"Bamboo grove in the C\u00e9vennes at G\u00e9n\u00e9rargues in the Gard department: visits\",\"isPartOf\":{\"@id\":\"https:\/\/domaine-de-gaujac.com\/en\/#website\"},\"primaryImageOfPage\":{\"@id\":\"https:\/\/domaine-de-gaujac.com\/en\/tourism-gard\/the-bamboo-grove\/#primaryimage\"},\"image\":{\"@id\":\"https:\/\/domaine-de-gaujac.com\/en\/tourism-gard\/the-bamboo-grove\/#primaryimage\"},\"thumbnailUrl\":\"https:\/\/domaine-de-gaujac.com\/wp-content\/uploads\/2023\/08\/bambouseraie-a-anduze.jpg\",\"datePublished\":\"2023-08-24T14:33:46+00:00\",\"dateModified\":\"2024-09-17T10:27:29+00:00\",\"description\":\"Visit La Bambouseraie de Prafrance, a unique exotic garden near Boisset-et-Gaujac, for a peaceful getaway in the heart of nature.\",\"breadcrumb\":{\"@id\":\"https:\/\/domaine-de-gaujac.com\/en\/tourism-gard\/the-bamboo-grove\/#breadcrumb\"},\"inLanguage\":\"en-US\",\"potentialAction\":[{\"@type\":\"ReadAction\",\"target\":[\"https:\/\/domaine-de-gaujac.com\/en\/tourism-gard\/the-bamboo-grove\/\"]}]},{\"@type\":\"ImageObject\",\"inLanguage\":\"en-US\",\"@id\":\"https:\/\/domaine-de-gaujac.com\/en\/tourism-gard\/the-bamboo-grove\/#primaryimage\",\"url\":\"https:\/\/domaine-de-gaujac.com\/wp-content\/uploads\/2023\/08\/bambouseraie-a-anduze.jpg\",\"contentUrl\":\"https:\/\/domaine-de-gaujac.com\/wp-content\/uploads\/2023\/08\/bambouseraie-a-anduze.jpg\",\"width\":1920,\"height\":500},{\"@type\":\"BreadcrumbList\",\"@id\":\"https:\/\/domaine-de-gaujac.com\/en\/tourism-gard\/the-bamboo-grove\/#breadcrumb\",\"itemListElement\":[{\"@type\":\"ListItem\",\"position\":1,\"name\":\"Camping Anduze dans le Gard\",\"item\":\"https:\/\/domaine-de-gaujac.com\/en\/\"},{\"@type\":\"ListItem\",\"position\":2,\"name\":\"Tourism in the Gard\",\"item\":\"https:\/\/domaine-de-gaujac.com\/en\/tourism-gard\/\"},{\"@type\":\"ListItem\",\"position\":3,\"name\":\"Banbouseraie\"}]},{\"@type\":\"WebSite\",\"@id\":\"https:\/\/domaine-de-gaujac.com\/en\/#website\",\"url\":\"https:\/\/domaine-de-gaujac.com\/en\/\",\"name\":\"Camping Paradis - Domaine de Gaujac\",\"description\":\"\",\"publisher\":{\"@id\":\"https:\/\/domaine-de-gaujac.com\/en\/#organization\"},\"potentialAction\":[{\"@type\":\"SearchAction\",\"target\":{\"@type\":\"EntryPoint\",\"urlTemplate\":\"https:\/\/domaine-de-gaujac.com\/en\/?s={search_term_string}\"},\"query-input\":{\"@type\":\"PropertyValueSpecification\",\"valueRequired\":true,\"valueName\":\"search_term_string\"}}],\"inLanguage\":\"en-US\"},{\"@type\":\"Organization\",\"@id\":\"https:\/\/domaine-de-gaujac.com\/en\/#organization\",\"name\":\"Camping Paradis - Domaine de Gaujac\",\"url\":\"https:\/\/domaine-de-gaujac.com\/en\/\",\"logo\":{\"@type\":\"ImageObject\",\"inLanguage\":\"en-US\",\"@id\":\"https:\/\/domaine-de-gaujac.com\/en\/#\/schema\/logo\/image\/\",\"url\":\"https:\/\/domaine-de-gaujac.com\/wp-content\/uploads\/2024\/05\/LOGO-CP-DOMAINE-DE-GAUJAC-1-1.png\",\"contentUrl\":\"https:\/\/domaine-de-gaujac.com\/wp-content\/uploads\/2024\/05\/LOGO-CP-DOMAINE-DE-GAUJAC-1-1.png\",\"width\":3334,\"height\":2084,\"caption\":\"Camping Paradis - Domaine de Gaujac\"},\"image\":{\"@id\":\"https:\/\/domaine-de-gaujac.com\/en\/#\/schema\/logo\/image\/\"}}]}<\/script>\n<!-- \/ Yoast SEO plugin. -->","yoast_head_json":{"title":"Bamboo grove in the C\u00e9vennes at G\u00e9n\u00e9rargues in the Gard department: visits","description":"Visit La Bambouseraie de Prafrance, a unique exotic garden near Boisset-et-Gaujac, for a peaceful getaway in the heart of nature.","robots":{"index":"index","follow":"follow","max-snippet":"max-snippet:-1","max-image-preview":"max-image-preview:large","max-video-preview":"max-video-preview:-1"},"canonical":"https:\/\/domaine-de-gaujac.com\/en\/tourism-gard\/the-bamboo-grove\/","og_locale":"en_US","og_type":"article","og_title":"Bamboo grove in the C\u00e9vennes at G\u00e9n\u00e9rargues in the Gard department: visits","og_description":"Visit La Bambouseraie de Prafrance, a unique exotic garden near Boisset-et-Gaujac, for a peaceful getaway in the heart of nature.","og_url":"https:\/\/domaine-de-gaujac.com\/en\/tourism-gard\/the-bamboo-grove\/","og_site_name":"Camping Paradis - Domaine de Gaujac","article_modified_time":"2024-09-17T10:27:29+00:00","og_image":[{"width":1920,"height":500,"url":"https:\/\/domaine-de-gaujac.com\/wp-content\/uploads\/2023\/08\/bambouseraie-a-anduze.jpg","type":"image\/jpeg"}],"twitter_card":"summary_large_image","twitter_misc":{"Est. reading time":"1 minute"},"schema":{"@context":"https:\/\/schema.org","@graph":[{"@type":"WebPage","@id":"https:\/\/domaine-de-gaujac.com\/en\/tourism-gard\/the-bamboo-grove\/","url":"https:\/\/domaine-de-gaujac.com\/en\/tourism-gard\/the-bamboo-grove\/","name":"Bamboo grove in the C\u00e9vennes at G\u00e9n\u00e9rargues in the Gard department: visits","isPartOf":{"@id":"https:\/\/domaine-de-gaujac.com\/en\/#website"},"primaryImageOfPage":{"@id":"https:\/\/domaine-de-gaujac.com\/en\/tourism-gard\/the-bamboo-grove\/#primaryimage"},"image":{"@id":"https:\/\/domaine-de-gaujac.com\/en\/tourism-gard\/the-bamboo-grove\/#primaryimage"},"thumbnailUrl":"https:\/\/domaine-de-gaujac.com\/wp-content\/uploads\/2023\/08\/bambouseraie-a-anduze.jpg","datePublished":"2023-08-24T14:33:46+00:00","dateModified":"2024-09-17T10:27:29+00:00","description":"Visit La Bambouseraie de Prafrance, a unique exotic garden near Boisset-et-Gaujac, for a peaceful getaway in the heart of nature.","breadcrumb":{"@id":"https:\/\/domaine-de-gaujac.com\/en\/tourism-gard\/the-bamboo-grove\/#breadcrumb"},"inLanguage":"en-US","potentialAction":[{"@type":"ReadAction","target":["https:\/\/domaine-de-gaujac.com\/en\/tourism-gard\/the-bamboo-grove\/"]}]},{"@type":"ImageObject","inLanguage":"en-US","@id":"https:\/\/domaine-de-gaujac.com\/en\/tourism-gard\/the-bamboo-grove\/#primaryimage","url":"https:\/\/domaine-de-gaujac.com\/wp-content\/uploads\/2023\/08\/bambouseraie-a-anduze.jpg","contentUrl":"https:\/\/domaine-de-gaujac.com\/wp-content\/uploads\/2023\/08\/bambouseraie-a-anduze.jpg","width":1920,"height":500},{"@type":"BreadcrumbList","@id":"https:\/\/domaine-de-gaujac.com\/en\/tourism-gard\/the-bamboo-grove\/#breadcrumb","itemListElement":[{"@type":"ListItem","position":1,"name":"Camping Anduze dans le Gard","item":"https:\/\/domaine-de-gaujac.com\/en\/"},{"@type":"ListItem","position":2,"name":"Tourism in the Gard","item":"https:\/\/domaine-de-gaujac.com\/en\/tourism-gard\/"},{"@type":"ListItem","position":3,"name":"Banbouseraie"}]},{"@type":"WebSite","@id":"https:\/\/domaine-de-gaujac.com\/en\/#website","url":"https:\/\/domaine-de-gaujac.com\/en\/","name":"Camping Paradis - Domaine de Gaujac","description":"","publisher":{"@id":"https:\/\/domaine-de-gaujac.com\/en\/#organization"},"potentialAction":[{"@type":"SearchAction","target":{"@type":"EntryPoint","urlTemplate":"https:\/\/domaine-de-gaujac.com\/en\/?s={search_term_string}"},"query-input":{"@type":"PropertyValueSpecification","valueRequired":true,"valueName":"search_term_string"}}],"inLanguage":"en-US"},{"@type":"Organization","@id":"https:\/\/domaine-de-gaujac.com\/en\/#organization","name":"Camping Paradis - Domaine de Gaujac","url":"https:\/\/domaine-de-gaujac.com\/en\/","logo":{"@type":"ImageObject","inLanguage":"en-US","@id":"https:\/\/domaine-de-gaujac.com\/en\/#\/schema\/logo\/image\/","url":"https:\/\/domaine-de-gaujac.com\/wp-content\/uploads\/2024\/05\/LOGO-CP-DOMAINE-DE-GAUJAC-1-1.png","contentUrl":"https:\/\/domaine-de-gaujac.com\/wp-content\/uploads\/2024\/05\/LOGO-CP-DOMAINE-DE-GAUJAC-1-1.png","width":3334,"height":2084,"caption":"Camping Paradis - Domaine de Gaujac"},"image":{"@id":"https:\/\/domaine-de-gaujac.com\/en\/#\/schema\/logo\/image\/"}}]}},"_links":{"self":[{"href":"https:\/\/domaine-de-gaujac.com\/en\/wp-json\/wp\/v2\/pages\/8912","targetHints":{"allow":["GET"]}}],"collection":[{"href":"https:\/\/domaine-de-gaujac.com\/en\/wp-json\/wp\/v2\/pages"}],"about":[{"href":"https:\/\/domaine-de-gaujac.com\/en\/wp-json\/wp\/v2\/types\/page"}],"author":[{"embeddable":true,"href":"https:\/\/domaine-de-gaujac.com\/en\/wp-json\/wp\/v2\/users\/1"}],"replies":[{"embeddable":true,"href":"https:\/\/domaine-de-gaujac.com\/en\/wp-json\/wp\/v2\/comments?post=8912"}],"version-history":[{"count":7,"href":"https:\/\/domaine-de-gaujac.com\/en\/wp-json\/wp\/v2\/pages\/8912\/revisions"}],"predecessor-version":[{"id":1195922,"href":"https:\/\/domaine-de-gaujac.com\/en\/wp-json\/wp\/v2\/pages\/8912\/revisions\/1195922"}],"up":[{"embeddable":true,"href":"https:\/\/domaine-de-gaujac.com\/en\/wp-json\/wp\/v2\/pages\/8685"}],"wp:featuredmedia":[{"embeddable":true,"href":"https:\/\/domaine-de-gaujac.com\/en\/wp-json\/wp\/v2\/media\/8493"}],"wp:attachment":[{"href":"https:\/\/domaine-de-gaujac.com\/en\/wp-json\/wp\/v2\/media?parent=8912"}],"curies":[{"name":"wp","href":"https:\/\/api.w.org\/{rel}","templated":true}]}}