{"id":8883,"date":"2023-08-24T16:38:29","date_gmt":"2023-08-24T14:38:29","guid":{"rendered":"https:\/\/domaine-de-gaujac.com\/tourisme-gard\/cevennes-steam-train\/"},"modified":"2026-03-02T14:17:02","modified_gmt":"2026-03-02T13:17:02","slug":"cevennes-steam-train","status":"publish","type":"page","link":"https:\/\/domaine-de-gaujac.com\/en\/tourism-gard\/cevennes-steam-train\/","title":{"rendered":"C\u00e9vennes Steam Railway"},"content":{"rendered":"\n<div class=\"wp-block-group is-layout-constrained wp-container-core-group-is-layout-643bee0f wp-block-group-is-layout-constrained\" style=\"padding-top:5.2rem;padding-bottom:var(--wp--preset--spacing--80)\">\n<h1 class=\"wp-block-heading alignwide has-text-align-center has-link-color-color has-text-color has-x-large-font-size\" style=\"margin-top:0;margin-right:0;margin-bottom:var(--wp--preset--spacing--80);margin-left:0;text-transform:capitalize\">C\u00e9vennes Steam Railway<\/h1>\n\n\n\n<div class=\"wp-block-columns is-layout-flex wp-container-core-columns-is-layout-08c01c1c wp-block-columns-is-layout-flex\">\n<div class=\"wp-block-column is-layout-flow wp-container-core-column-is-layout-119bc444 wp-block-column-is-layout-flow\" style=\"flex-basis:25%\">\n<figure class=\"wp-block-image size-full has-custom-border alignfull animated fadeIn slow\"><a href=\"https:\/\/domaine-de-gaujac.com\/wp-content\/uploads\/2023\/09\/horaires-train-a-vapeur-gard.jpg\"><img decoding=\"async\" width=\"800\" height=\"600\" sizes=\"(max-width: min(calc(100% - 15vw), 800px)) 100vw, min(calc(100% - 15vw), 800px)\" src=\"https:\/\/domaine-de-gaujac.com\/wp-content\/uploads\/2023\/09\/horaires-train-a-vapeur-gard.jpg\" alt=\"Gard Steam Train Timetable\" class=\"wp-image-7419\" style=\"border-top-left-radius:2rem\" srcset=\"https:\/\/domaine-de-gaujac.com\/wp-content\/uploads\/2023\/09\/horaires-train-a-vapeur-gard.jpg 800w, https:\/\/domaine-de-gaujac.com\/wp-content\/uploads\/2023\/09\/horaires-train-a-vapeur-gard-300x225.jpg 300w, https:\/\/domaine-de-gaujac.com\/wp-content\/uploads\/2023\/09\/horaires-train-a-vapeur-gard-768x576.jpg 768w\" \/><\/a><\/figure>\n\n\n\n<figure class=\"wp-block-image size-full alignfull animated fadeIn delay-200ms slow\"><a href=\"https:\/\/domaine-de-gaujac.com\/wp-content\/uploads\/2023\/09\/decouvrir-le-train-a-vapeur-danduze.jpg\"><img data-dominant-color=\"9c524a\" data-has-transparency=\"false\" style=\"--dominant-color: #9c524a;\" decoding=\"async\" width=\"800\" height=\"533\" sizes=\"(max-width: min(calc(100% - 15vw), 800px)) 100vw, min(calc(100% - 15vw), 800px)\" src=\"https:\/\/domaine-de-gaujac.com\/wp-content\/uploads\/2026\/03\/decouvrir-le-train-a-vapeur-danduze-edited.jpg\" alt=\"Discover the Anduze steam train\" class=\"wp-image-1204519 not-transparent\" srcset=\"https:\/\/domaine-de-gaujac.com\/wp-content\/uploads\/2026\/03\/decouvrir-le-train-a-vapeur-danduze-edited.jpg 800w, https:\/\/domaine-de-gaujac.com\/wp-content\/uploads\/2026\/03\/decouvrir-le-train-a-vapeur-danduze-edited-300x200.jpg 300w, https:\/\/domaine-de-gaujac.com\/wp-content\/uploads\/2026\/03\/decouvrir-le-train-a-vapeur-danduze-edited-768x512.jpg 768w\" \/><\/a><\/figure>\n<\/div>\n\n\n\n<div class=\"wp-block-column is-layout-flow wp-container-core-column-is-layout-119bc444 wp-block-column-is-layout-flow\" style=\"flex-basis:25%\">\n<figure class=\"wp-block-image size-full\"><img data-dominant-color=\"848274\" data-has-transparency=\"false\" style=\"--dominant-color: #848274;\" decoding=\"async\" width=\"367\" height=\"550\" sizes=\"(max-width: min(calc(100% - 15vw), 367px)) 100vw, min(calc(100% - 15vw), 367px)\" src=\"https:\/\/domaine-de-gaujac.com\/wp-content\/uploads\/2026\/03\/train-a-vapeur-dans-le-cevennes-edited-1.jpg\" alt=\"steam trains in the cevennes\" class=\"wp-image-1204522 not-transparent\" srcset=\"https:\/\/domaine-de-gaujac.com\/wp-content\/uploads\/2026\/03\/train-a-vapeur-dans-le-cevennes-edited-1.jpg 367w, https:\/\/domaine-de-gaujac.com\/wp-content\/uploads\/2026\/03\/train-a-vapeur-dans-le-cevennes-edited-1-200x300.jpg 200w\" \/><\/figure>\n<\/div>\n\n\n\n<div class=\"wp-block-column is-vertically-aligned-top is-layout-flow wp-block-column-is-layout-flow\">\n<div class=\"wp-block-group is-layout-flow wp-block-group-is-layout-flow\" style=\"padding-right:var(--wp--preset--spacing--40);padding-bottom:0;padding-left:var(--wp--preset--spacing--40)\">\n<h2 class=\"wp-block-heading\">A walk back in time<\/h2>\n\n\n\n<p>From Anduze to Saint-Jean-du-Gard, discover the Gardons valley and <strong>sumptuous panoramas<\/strong> from an <strong>authentic steam train<\/strong> from the beginning of the 20th century. In vintage carriages, your journey will be punctuated by the regular sound of the locomotive. You will have plenty of time <strong>to admire these C\u00e9vennes valleys<\/strong> from the heights of a majestic 104-metre-high metal bridge that spans the Gardon River. A <strong>lovely walk through the C\u00e9vennes<\/strong> and through time that allows you to <strong>rediscover the pleasure of train travel of<\/strong> yesteryear very close to our campsite in <a href=\"https:\/\/domaine-de-gaujac.com\/en\/\">Anduze in the Gard<\/a>.<\/p>\n<\/div>\n<\/div>\n<\/div>\n<\/div>\n\n<div class=\"wp-block-group overflow-visible has-background is-layout-constrained wp-container-core-group-is-layout-612028c2 wp-block-group-is-layout-constrained\" style=\"border-top-color:var(--wp--preset--color--white);border-top-width:12rem;border-right-color:var(--wp--preset--color--white);border-bottom-color:var(--wp--preset--color--white);border-left-color:var(--wp--preset--color--white);background:linear-gradient(174deg,rgb(255,255,255) 29%,rgb(173,219,243) 29%);margin-top:0rem;margin-bottom:0;padding-top:var(--wp--preset--spacing--80);padding-bottom:8rem\">\n<figure class=\"wp-block-image size-full is-resized rellax is-style-gt-bg-image-bottom-left\"><img decoding=\"async\" width=\"273\" height=\"218\" sizes=\"(max-width: min(calc(100% - 15vw), 205px)) 100vw, min(calc(100% - 15vw), 205px)\" src=\"https:\/\/domaine-de-gaujac.com\/wp-content\/uploads\/2023\/05\/actualites-camping-paradis.png\" alt=\"news camping paradis\" class=\"wp-image-841\" style=\"width:205px;height:164px\"\/><\/figure>\n\n\n\n<h2 class=\"wp-block-heading has-text-align-center z-index-3 position-relative m-n-t-20 animated fadeInUp has-large-font-size\">Discover the surroundings:<\/h2>\n\n\n\n<div class=\"wp-block-group is-content-justification-center is-layout-constrained wp-container-core-group-is-layout-1557714b wp-block-group-is-layout-constrained\">\n<hr class=\"wp-block-separator has-text-color has-link-color-color has-alpha-channel-opacity has-link-color-background-color has-background animated fadeInUp delay-200ms\"\/>\n<\/div>\n\n\n\r\n<div \r\n     \r\n    class=\"gt-maillage-block animated fadeInUp delay-100ms slow\" \r\n    style=\"border-top-left-radius:0px;border-top-right-radius:0px;border-bottom-left-radius:0px;border-bottom-right-radius:0px;border-style:none;border-width:0px;\"\r\n>\r\n\r\n    \r\n        \r\n        <article \r\n    class=\"gt-cta gt-cta--page\" \r\n    style=\"aspect-ratio:1\/1\"\r\n>\r\n    <a href=\"https:\/\/domaine-de-gaujac.com\/en\/tourism-gard\/tourism-anduze\/\" title=\"Anduze\" class=\"gt-cta__link\">\r\n        <div class=\"gt-cta__thumb\">\r\n                                            <img alt=\"visiter anduze en campin\" decoding=\"async\" width=\"550\" height=\"550\" src=\"https:\/\/domaine-de-gaujac.com\/wp-content\/uploads\/2023\/08\/visiter-anduze-en-campin.jpg\" class=\"attachment-full size-full\" alt=\"\" srcset=\"https:\/\/domaine-de-gaujac.com\/wp-content\/uploads\/2023\/08\/visiter-anduze-en-campin.jpg 550w, https:\/\/domaine-de-gaujac.com\/wp-content\/uploads\/2023\/08\/visiter-anduze-en-campin-300x300.jpg 300w, https:\/\/domaine-de-gaujac.com\/wp-content\/uploads\/2023\/08\/visiter-anduze-en-campin-150x150.jpg 150w\" sizes=\"(max-width: 550px) 100vw, 550px\" \/>                    <\/div>\r\n        <div class=\"gt-cta__content\">\r\n            <div class=\"gt-cta__title\">\r\n                Anduze            <\/div>\r\n        <\/div>\r\n    <\/a>\r\n<\/article>\r\n    \r\n        <article \r\n    class=\"gt-cta gt-cta--page\" \r\n    style=\"aspect-ratio:1\/1\"\r\n>\r\n    <a href=\"https:\/\/domaine-de-gaujac.com\/en\/tourism-gard\/hiking-trails\/\" title=\"Hiking trails\" class=\"gt-cta__link\">\r\n        <div class=\"gt-cta__thumb\">\r\n                                            <img alt=\"randonnes a pied dans les cevennes\" decoding=\"async\" width=\"550\" height=\"550\" src=\"https:\/\/domaine-de-gaujac.com\/wp-content\/uploads\/2023\/09\/randonnes-a-pied-dans-les-cevennes.jpg\" class=\"attachment-full size-full\" alt=\"\" srcset=\"https:\/\/domaine-de-gaujac.com\/wp-content\/uploads\/2023\/09\/randonnes-a-pied-dans-les-cevennes.jpg 550w, https:\/\/domaine-de-gaujac.com\/wp-content\/uploads\/2023\/09\/randonnes-a-pied-dans-les-cevennes-300x300.jpg 300w, https:\/\/domaine-de-gaujac.com\/wp-content\/uploads\/2023\/09\/randonnes-a-pied-dans-les-cevennes-150x150.jpg 150w\" sizes=\"(max-width: 550px) 100vw, 550px\" \/>                    <\/div>\r\n        <div class=\"gt-cta__content\">\r\n            <div class=\"gt-cta__title\">\r\n                Hiking trails            <\/div>\r\n        <\/div>\r\n    <\/a>\r\n<\/article>\r\n    \r\n        <article \r\n    class=\"gt-cta gt-cta--page\" \r\n    style=\"aspect-ratio:1\/1\"\r\n>\r\n    <a href=\"https:\/\/domaine-de-gaujac.com\/en\/tourism-gard\/vallon-pont-darc\/\" title=\"Vallon Pont d&#8217;Arc\" class=\"gt-cta__link\">\r\n        <div class=\"gt-cta__thumb\">\r\n                                            <img alt=\"decouvrir vallon pont darc\" decoding=\"async\" width=\"550\" height=\"550\" src=\"https:\/\/domaine-de-gaujac.com\/wp-content\/uploads\/2023\/09\/decouvrir-vallon-pont-darc.jpg\" class=\"attachment-full size-full\" alt=\"\" srcset=\"https:\/\/domaine-de-gaujac.com\/wp-content\/uploads\/2023\/09\/decouvrir-vallon-pont-darc.jpg 550w, https:\/\/domaine-de-gaujac.com\/wp-content\/uploads\/2023\/09\/decouvrir-vallon-pont-darc-300x300.jpg 300w, https:\/\/domaine-de-gaujac.com\/wp-content\/uploads\/2023\/09\/decouvrir-vallon-pont-darc-150x150.jpg 150w\" sizes=\"(max-width: 550px) 100vw, 550px\" \/>                    <\/div>\r\n        <div class=\"gt-cta__content\">\r\n            <div class=\"gt-cta__title\">\r\n                Vallon Pont d&#8217;Arc            <\/div>\r\n        <\/div>\r\n    <\/a>\r\n<\/article>\r\n            \r\n<\/div><\/div>\n","protected":false},"excerpt":{"rendered":"<p>C\u00e9vennes Steam Railway A walk back in time From Anduze to Saint-Jean-du-Gard, discover the Gardons valley and sumptuous panoramas from an authentic steam train from the beginning of the 20th century. In vintage carriages, your journey will be punctuated by the regular sound of the locomotive. You will have plenty of time to admire these [&hellip;]<\/p>\n","protected":false},"author":1,"featured_media":8569,"parent":8685,"menu_order":109,"comment_status":"closed","ping_status":"closed","template":"","meta":{"_acf_changed":false,"footnotes":""},"class_list":["post-8883","page","type-page","status-publish","has-post-thumbnail","hentry"],"acf":[],"yoast_head":"<!-- This site is optimized with the Yoast SEO plugin v27.3 - https:\/\/yoast.com\/product\/yoast-seo-wordpress\/ -->\n<title>Walks with the C\u00e9vennes train from Anduze to Saint Jean du Gard<\/title>\n<meta name=\"description\" content=\"Come aboard the Train \u00e0 Vapeur des C\u00e9vennes for a picturesque journey through breathtaking scenery near Boisset-et-Gaujac.\" \/>\n<meta name=\"robots\" content=\"index, follow, max-snippet:-1, max-image-preview:large, max-video-preview:-1\" \/>\n<link rel=\"canonical\" href=\"https:\/\/domaine-de-gaujac.com\/en\/tourism-gard\/cevennes-steam-train\/\" \/>\n<meta property=\"og:locale\" content=\"en_US\" \/>\n<meta property=\"og:type\" content=\"article\" \/>\n<meta property=\"og:title\" content=\"Walks with the C\u00e9vennes train from Anduze to Saint Jean du Gard\" \/>\n<meta property=\"og:description\" content=\"Come aboard the Train \u00e0 Vapeur des C\u00e9vennes for a picturesque journey through breathtaking scenery near Boisset-et-Gaujac.\" \/>\n<meta property=\"og:url\" content=\"https:\/\/domaine-de-gaujac.com\/en\/tourism-gard\/cevennes-steam-train\/\" \/>\n<meta property=\"og:site_name\" content=\"Camping Paradis - Domaine de Gaujac\" \/>\n<meta property=\"article:modified_time\" content=\"2026-03-02T13:17:02+00:00\" \/>\n<meta property=\"og:image\" content=\"https:\/\/domaine-de-gaujac.com\/wp-content\/uploads\/2023\/09\/train-a-vapeur-des-cevennes.jpg\" \/>\n\t<meta property=\"og:image:width\" content=\"1920\" \/>\n\t<meta property=\"og:image:height\" content=\"500\" \/>\n\t<meta property=\"og:image:type\" content=\"image\/jpeg\" \/>\n<meta name=\"twitter:card\" content=\"summary_large_image\" \/>\n<meta name=\"twitter:label1\" content=\"Est. reading time\" \/>\n\t<meta name=\"twitter:data1\" content=\"1 minute\" \/>\n<script type=\"application\/ld+json\" class=\"yoast-schema-graph\">{\"@context\":\"https:\\\/\\\/schema.org\",\"@graph\":[{\"@type\":\"WebPage\",\"@id\":\"https:\\\/\\\/domaine-de-gaujac.com\\\/en\\\/tourism-gard\\\/cevennes-steam-train\\\/\",\"url\":\"https:\\\/\\\/domaine-de-gaujac.com\\\/en\\\/tourism-gard\\\/cevennes-steam-train\\\/\",\"name\":\"Walks with the C\u00e9vennes train from Anduze to Saint Jean du Gard\",\"isPartOf\":{\"@id\":\"https:\\\/\\\/domaine-de-gaujac.com\\\/en\\\/#website\"},\"primaryImageOfPage\":{\"@id\":\"https:\\\/\\\/domaine-de-gaujac.com\\\/en\\\/tourism-gard\\\/cevennes-steam-train\\\/#primaryimage\"},\"image\":{\"@id\":\"https:\\\/\\\/domaine-de-gaujac.com\\\/en\\\/tourism-gard\\\/cevennes-steam-train\\\/#primaryimage\"},\"thumbnailUrl\":\"https:\\\/\\\/domaine-de-gaujac.com\\\/wp-content\\\/uploads\\\/2023\\\/09\\\/train-a-vapeur-des-cevennes.jpg\",\"datePublished\":\"2023-08-24T14:38:29+00:00\",\"dateModified\":\"2026-03-02T13:17:02+00:00\",\"description\":\"Come aboard the Train \u00e0 Vapeur des C\u00e9vennes for a picturesque journey through breathtaking scenery near Boisset-et-Gaujac.\",\"breadcrumb\":{\"@id\":\"https:\\\/\\\/domaine-de-gaujac.com\\\/en\\\/tourism-gard\\\/cevennes-steam-train\\\/#breadcrumb\"},\"inLanguage\":\"en-US\",\"potentialAction\":[{\"@type\":\"ReadAction\",\"target\":[\"https:\\\/\\\/domaine-de-gaujac.com\\\/en\\\/tourism-gard\\\/cevennes-steam-train\\\/\"]}]},{\"@type\":\"ImageObject\",\"inLanguage\":\"en-US\",\"@id\":\"https:\\\/\\\/domaine-de-gaujac.com\\\/en\\\/tourism-gard\\\/cevennes-steam-train\\\/#primaryimage\",\"url\":\"https:\\\/\\\/domaine-de-gaujac.com\\\/wp-content\\\/uploads\\\/2023\\\/09\\\/train-a-vapeur-des-cevennes.jpg\",\"contentUrl\":\"https:\\\/\\\/domaine-de-gaujac.com\\\/wp-content\\\/uploads\\\/2023\\\/09\\\/train-a-vapeur-des-cevennes.jpg\",\"width\":1920,\"height\":500},{\"@type\":\"BreadcrumbList\",\"@id\":\"https:\\\/\\\/domaine-de-gaujac.com\\\/en\\\/tourism-gard\\\/cevennes-steam-train\\\/#breadcrumb\",\"itemListElement\":[{\"@type\":\"ListItem\",\"position\":1,\"name\":\"Camping Anduze dans le Gard\",\"item\":\"https:\\\/\\\/domaine-de-gaujac.com\\\/en\\\/\"},{\"@type\":\"ListItem\",\"position\":2,\"name\":\"Tourism in the Gard\",\"item\":\"https:\\\/\\\/domaine-de-gaujac.com\\\/en\\\/tourism-gard\\\/\"},{\"@type\":\"ListItem\",\"position\":3,\"name\":\"Cevennes Steam Train\"}]},{\"@type\":\"WebSite\",\"@id\":\"https:\\\/\\\/domaine-de-gaujac.com\\\/en\\\/#website\",\"url\":\"https:\\\/\\\/domaine-de-gaujac.com\\\/en\\\/\",\"name\":\"Camping Paradis - Domaine de Gaujac\",\"description\":\"\",\"publisher\":{\"@id\":\"https:\\\/\\\/domaine-de-gaujac.com\\\/en\\\/#organization\"},\"potentialAction\":[{\"@type\":\"SearchAction\",\"target\":{\"@type\":\"EntryPoint\",\"urlTemplate\":\"https:\\\/\\\/domaine-de-gaujac.com\\\/en\\\/?s={search_term_string}\"},\"query-input\":{\"@type\":\"PropertyValueSpecification\",\"valueRequired\":true,\"valueName\":\"search_term_string\"}}],\"inLanguage\":\"en-US\"},{\"@type\":\"Organization\",\"@id\":\"https:\\\/\\\/domaine-de-gaujac.com\\\/en\\\/#organization\",\"name\":\"Camping Paradis - Domaine de Gaujac\",\"url\":\"https:\\\/\\\/domaine-de-gaujac.com\\\/en\\\/\",\"logo\":{\"@type\":\"ImageObject\",\"inLanguage\":\"en-US\",\"@id\":\"https:\\\/\\\/domaine-de-gaujac.com\\\/en\\\/#\\\/schema\\\/logo\\\/image\\\/\",\"url\":\"https:\\\/\\\/domaine-de-gaujac.com\\\/wp-content\\\/uploads\\\/2024\\\/05\\\/LOGO-CP-DOMAINE-DE-GAUJAC-1-1.png\",\"contentUrl\":\"https:\\\/\\\/domaine-de-gaujac.com\\\/wp-content\\\/uploads\\\/2024\\\/05\\\/LOGO-CP-DOMAINE-DE-GAUJAC-1-1.png\",\"width\":3334,\"height\":2084,\"caption\":\"Camping Paradis - Domaine de Gaujac\"},\"image\":{\"@id\":\"https:\\\/\\\/domaine-de-gaujac.com\\\/en\\\/#\\\/schema\\\/logo\\\/image\\\/\"}}]}<\/script>\n<!-- \/ Yoast SEO plugin. -->","yoast_head_json":{"title":"Walks with the C\u00e9vennes train from Anduze to Saint Jean du Gard","description":"Come aboard the Train \u00e0 Vapeur des C\u00e9vennes for a picturesque journey through breathtaking scenery near Boisset-et-Gaujac.","robots":{"index":"index","follow":"follow","max-snippet":"max-snippet:-1","max-image-preview":"max-image-preview:large","max-video-preview":"max-video-preview:-1"},"canonical":"https:\/\/domaine-de-gaujac.com\/en\/tourism-gard\/cevennes-steam-train\/","og_locale":"en_US","og_type":"article","og_title":"Walks with the C\u00e9vennes train from Anduze to Saint Jean du Gard","og_description":"Come aboard the Train \u00e0 Vapeur des C\u00e9vennes for a picturesque journey through breathtaking scenery near Boisset-et-Gaujac.","og_url":"https:\/\/domaine-de-gaujac.com\/en\/tourism-gard\/cevennes-steam-train\/","og_site_name":"Camping Paradis - Domaine de Gaujac","article_modified_time":"2026-03-02T13:17:02+00:00","og_image":[{"width":1920,"height":500,"url":"https:\/\/domaine-de-gaujac.com\/wp-content\/uploads\/2023\/09\/train-a-vapeur-des-cevennes.jpg","type":"image\/jpeg"}],"twitter_card":"summary_large_image","twitter_misc":{"Est. reading time":"1 minute"},"schema":{"@context":"https:\/\/schema.org","@graph":[{"@type":"WebPage","@id":"https:\/\/domaine-de-gaujac.com\/en\/tourism-gard\/cevennes-steam-train\/","url":"https:\/\/domaine-de-gaujac.com\/en\/tourism-gard\/cevennes-steam-train\/","name":"Walks with the C\u00e9vennes train from Anduze to Saint Jean du Gard","isPartOf":{"@id":"https:\/\/domaine-de-gaujac.com\/en\/#website"},"primaryImageOfPage":{"@id":"https:\/\/domaine-de-gaujac.com\/en\/tourism-gard\/cevennes-steam-train\/#primaryimage"},"image":{"@id":"https:\/\/domaine-de-gaujac.com\/en\/tourism-gard\/cevennes-steam-train\/#primaryimage"},"thumbnailUrl":"https:\/\/domaine-de-gaujac.com\/wp-content\/uploads\/2023\/09\/train-a-vapeur-des-cevennes.jpg","datePublished":"2023-08-24T14:38:29+00:00","dateModified":"2026-03-02T13:17:02+00:00","description":"Come aboard the Train \u00e0 Vapeur des C\u00e9vennes for a picturesque journey through breathtaking scenery near Boisset-et-Gaujac.","breadcrumb":{"@id":"https:\/\/domaine-de-gaujac.com\/en\/tourism-gard\/cevennes-steam-train\/#breadcrumb"},"inLanguage":"en-US","potentialAction":[{"@type":"ReadAction","target":["https:\/\/domaine-de-gaujac.com\/en\/tourism-gard\/cevennes-steam-train\/"]}]},{"@type":"ImageObject","inLanguage":"en-US","@id":"https:\/\/domaine-de-gaujac.com\/en\/tourism-gard\/cevennes-steam-train\/#primaryimage","url":"https:\/\/domaine-de-gaujac.com\/wp-content\/uploads\/2023\/09\/train-a-vapeur-des-cevennes.jpg","contentUrl":"https:\/\/domaine-de-gaujac.com\/wp-content\/uploads\/2023\/09\/train-a-vapeur-des-cevennes.jpg","width":1920,"height":500},{"@type":"BreadcrumbList","@id":"https:\/\/domaine-de-gaujac.com\/en\/tourism-gard\/cevennes-steam-train\/#breadcrumb","itemListElement":[{"@type":"ListItem","position":1,"name":"Camping Anduze dans le Gard","item":"https:\/\/domaine-de-gaujac.com\/en\/"},{"@type":"ListItem","position":2,"name":"Tourism in the Gard","item":"https:\/\/domaine-de-gaujac.com\/en\/tourism-gard\/"},{"@type":"ListItem","position":3,"name":"Cevennes Steam Train"}]},{"@type":"WebSite","@id":"https:\/\/domaine-de-gaujac.com\/en\/#website","url":"https:\/\/domaine-de-gaujac.com\/en\/","name":"Camping Paradis - Domaine de Gaujac","description":"","publisher":{"@id":"https:\/\/domaine-de-gaujac.com\/en\/#organization"},"potentialAction":[{"@type":"SearchAction","target":{"@type":"EntryPoint","urlTemplate":"https:\/\/domaine-de-gaujac.com\/en\/?s={search_term_string}"},"query-input":{"@type":"PropertyValueSpecification","valueRequired":true,"valueName":"search_term_string"}}],"inLanguage":"en-US"},{"@type":"Organization","@id":"https:\/\/domaine-de-gaujac.com\/en\/#organization","name":"Camping Paradis - Domaine de Gaujac","url":"https:\/\/domaine-de-gaujac.com\/en\/","logo":{"@type":"ImageObject","inLanguage":"en-US","@id":"https:\/\/domaine-de-gaujac.com\/en\/#\/schema\/logo\/image\/","url":"https:\/\/domaine-de-gaujac.com\/wp-content\/uploads\/2024\/05\/LOGO-CP-DOMAINE-DE-GAUJAC-1-1.png","contentUrl":"https:\/\/domaine-de-gaujac.com\/wp-content\/uploads\/2024\/05\/LOGO-CP-DOMAINE-DE-GAUJAC-1-1.png","width":3334,"height":2084,"caption":"Camping Paradis - Domaine de Gaujac"},"image":{"@id":"https:\/\/domaine-de-gaujac.com\/en\/#\/schema\/logo\/image\/"}}]}},"_links":{"self":[{"href":"https:\/\/domaine-de-gaujac.com\/en\/wp-json\/wp\/v2\/pages\/8883","targetHints":{"allow":["GET"]}}],"collection":[{"href":"https:\/\/domaine-de-gaujac.com\/en\/wp-json\/wp\/v2\/pages"}],"about":[{"href":"https:\/\/domaine-de-gaujac.com\/en\/wp-json\/wp\/v2\/types\/page"}],"author":[{"embeddable":true,"href":"https:\/\/domaine-de-gaujac.com\/en\/wp-json\/wp\/v2\/users\/1"}],"replies":[{"embeddable":true,"href":"https:\/\/domaine-de-gaujac.com\/en\/wp-json\/wp\/v2\/comments?post=8883"}],"version-history":[{"count":3,"href":"https:\/\/domaine-de-gaujac.com\/en\/wp-json\/wp\/v2\/pages\/8883\/revisions"}],"predecessor-version":[{"id":1204534,"href":"https:\/\/domaine-de-gaujac.com\/en\/wp-json\/wp\/v2\/pages\/8883\/revisions\/1204534"}],"up":[{"embeddable":true,"href":"https:\/\/domaine-de-gaujac.com\/en\/wp-json\/wp\/v2\/pages\/8685"}],"wp:featuredmedia":[{"embeddable":true,"href":"https:\/\/domaine-de-gaujac.com\/en\/wp-json\/wp\/v2\/media\/8569"}],"wp:attachment":[{"href":"https:\/\/domaine-de-gaujac.com\/en\/wp-json\/wp\/v2\/media?parent=8883"}],"curies":[{"name":"wp","href":"https:\/\/api.w.org\/{rel}","templated":true}]}}